{"id":9968,"date":"2024-10-14T11:34:07","date_gmt":"2024-10-14T09:34:07","guid":{"rendered":"https:\/\/www.houseoffanatics.com\/product\/wondermusk-edp-100ml\/"},"modified":"2026-04-28T09:08:50","modified_gmt":"2026-04-28T07:08:50","slug":"wondermusk-edp-100ml","status":"publish","type":"product","link":"https:\/\/www.houseoffanatics.com\/es\/product\/wondermusk-edp-100ml\/","title":{"rendered":"WONDERMUSK EDP 100ml"},"content":{"rendered":"<p>Un sue\u00f1o irreverente, una realidad desconocida se extiende a trav\u00e9s de un paisaje floral de \u00e1mbar almizclado. Una floraci\u00f3n c\u00edtrica de bergamota, rosa y azahar culmina en una composici\u00f3n de sensaciones indefinidas: sensual, elegante, \u00fanica. Un misticismo on\u00edrico encapsulado dentro de un c\u00e1lido incienso y complejo \u00e1mbar.  <\/p>\n","protected":false},"excerpt":{"rendered":"<p>Un sue\u00f1o irreverente, una realidad desconocida se extiende a trav\u00e9s de un paisaje floral de \u00e1mbar almizclado. Una floraci\u00f3n c\u00edtrica de bergamota, rosa y azahar culmina en una composici\u00f3n de sensaciones indefinidas: sensual, elegante, \u00fanica. Un misticismo on\u00edrico encapsulado dentro de un c\u00e1lido incienso y complejo \u00e1mbar.<\/p>\n","protected":false},"featured_media":12460,"comment_status":"open","ping_status":"closed","template":"","meta":{"_acf_changed":false},"product_brand":[],"product_cat":[50],"product_tag":[],"class_list":{"0":"post-9968","1":"product","2":"type-product","3":"status-publish","4":"has-post-thumbnail","6":"product_cat-the-premiere-collection","8":"first","9":"instock","10":"shipping-taxable","11":"purchasable","12":"product-type-simple"},"acf":[],"yoast_head":"<!-- This site is optimized with the Yoast SEO plugin v27.4 - https:\/\/yoast.com\/product\/yoast-seo-wordpress\/ -->\n<title>WONDERMUSK EDP 100ml - House of Fanatics<\/title>\n<meta name=\"robots\" content=\"index, follow, max-snippet:-1, max-image-preview:large, max-video-preview:-1\" \/>\n<link rel=\"canonical\" href=\"https:\/\/www.houseoffanatics.com\/es\/product\/wondermusk-edp-100ml\/\" \/>\n<meta property=\"og:locale\" content=\"es_ES\" \/>\n<meta property=\"og:type\" content=\"article\" \/>\n<meta property=\"og:title\" content=\"WONDERMUSK EDP 100ml - House of Fanatics\" \/>\n<meta property=\"og:description\" content=\"Un sue\u00f1o irreverente, una realidad desconocida se extiende a trav\u00e9s de un paisaje floral de \u00e1mbar almizclado. Una floraci\u00f3n c\u00edtrica de bergamota, rosa y azahar culmina en una composici\u00f3n de sensaciones indefinidas: sensual, elegante, \u00fanica. Un misticismo on\u00edrico encapsulado dentro de un c\u00e1lido incienso y complejo \u00e1mbar.\" \/>\n<meta property=\"og:url\" content=\"https:\/\/www.houseoffanatics.com\/es\/product\/wondermusk-edp-100ml\/\" \/>\n<meta property=\"og:site_name\" content=\"House of Fanatics\" \/>\n<meta property=\"article:modified_time\" content=\"2026-04-28T07:08:50+00:00\" \/>\n<meta property=\"og:image\" content=\"https:\/\/www.houseoffanatics.com\/wp-content\/uploads\/caja-y-perfume-wondermusk.png\" \/>\n\t<meta property=\"og:image:width\" content=\"1000\" \/>\n\t<meta property=\"og:image:height\" content=\"1049\" \/>\n\t<meta property=\"og:image:type\" content=\"image\/png\" \/>\n<meta name=\"twitter:card\" content=\"summary_large_image\" \/>\n<meta name=\"twitter:label1\" content=\"Tiempo de lectura\" \/>\n\t<meta name=\"twitter:data1\" content=\"1 minuto\" \/>\n<script type=\"application\/ld+json\" class=\"yoast-schema-graph\">{\"@context\":\"https:\\\/\\\/schema.org\",\"@graph\":[{\"@type\":\"WebPage\",\"@id\":\"https:\\\/\\\/www.houseoffanatics.com\\\/es\\\/product\\\/wondermusk-edp-100ml\\\/\",\"url\":\"https:\\\/\\\/www.houseoffanatics.com\\\/es\\\/product\\\/wondermusk-edp-100ml\\\/\",\"name\":\"WONDERMUSK EDP 100ml - House of Fanatics\",\"isPartOf\":{\"@id\":\"https:\\\/\\\/www.houseoffanatics.com\\\/es\\\/#website\"},\"primaryImageOfPage\":{\"@id\":\"https:\\\/\\\/www.houseoffanatics.com\\\/es\\\/product\\\/wondermusk-edp-100ml\\\/#primaryimage\"},\"image\":{\"@id\":\"https:\\\/\\\/www.houseoffanatics.com\\\/es\\\/product\\\/wondermusk-edp-100ml\\\/#primaryimage\"},\"thumbnailUrl\":\"https:\\\/\\\/www.houseoffanatics.com\\\/wp-content\\\/uploads\\\/caja-y-perfume-wondermusk.png\",\"datePublished\":\"2024-10-14T09:34:07+00:00\",\"dateModified\":\"2026-04-28T07:08:50+00:00\",\"breadcrumb\":{\"@id\":\"https:\\\/\\\/www.houseoffanatics.com\\\/es\\\/product\\\/wondermusk-edp-100ml\\\/#breadcrumb\"},\"inLanguage\":\"es\",\"potentialAction\":[{\"@type\":\"ReadAction\",\"target\":[\"https:\\\/\\\/www.houseoffanatics.com\\\/es\\\/product\\\/wondermusk-edp-100ml\\\/\"]}]},{\"@type\":\"ImageObject\",\"inLanguage\":\"es\",\"@id\":\"https:\\\/\\\/www.houseoffanatics.com\\\/es\\\/product\\\/wondermusk-edp-100ml\\\/#primaryimage\",\"url\":\"https:\\\/\\\/www.houseoffanatics.com\\\/wp-content\\\/uploads\\\/caja-y-perfume-wondermusk.png\",\"contentUrl\":\"https:\\\/\\\/www.houseoffanatics.com\\\/wp-content\\\/uploads\\\/caja-y-perfume-wondermusk.png\",\"width\":1000,\"height\":1049},{\"@type\":\"BreadcrumbList\",\"@id\":\"https:\\\/\\\/www.houseoffanatics.com\\\/es\\\/product\\\/wondermusk-edp-100ml\\\/#breadcrumb\",\"itemListElement\":[{\"@type\":\"ListItem\",\"position\":1,\"name\":\"Home\",\"item\":\"https:\\\/\\\/www.houseoffanatics.com\\\/es\\\/home-2026\\\/\"},{\"@type\":\"ListItem\",\"position\":2,\"name\":\"Productos\",\"item\":\"https:\\\/\\\/www.houseoffanatics.com\\\/es\\\/shop\\\/\"},{\"@type\":\"ListItem\",\"position\":3,\"name\":\"WONDERMUSK EDP 100ml\"}]},{\"@type\":\"WebSite\",\"@id\":\"https:\\\/\\\/www.houseoffanatics.com\\\/es\\\/#website\",\"url\":\"https:\\\/\\\/www.houseoffanatics.com\\\/es\\\/\",\"name\":\"House of Fanatics\",\"description\":\"House of Fanatics\",\"publisher\":{\"@id\":\"https:\\\/\\\/www.houseoffanatics.com\\\/es\\\/#organization\"},\"potentialAction\":[{\"@type\":\"SearchAction\",\"target\":{\"@type\":\"EntryPoint\",\"urlTemplate\":\"https:\\\/\\\/www.houseoffanatics.com\\\/es\\\/?s={search_term_string}\"},\"query-input\":{\"@type\":\"PropertyValueSpecification\",\"valueRequired\":true,\"valueName\":\"search_term_string\"}}],\"inLanguage\":\"es\"},{\"@type\":\"Organization\",\"@id\":\"https:\\\/\\\/www.houseoffanatics.com\\\/es\\\/#organization\",\"name\":\"House of Fanatics\",\"url\":\"https:\\\/\\\/www.houseoffanatics.com\\\/es\\\/\",\"logo\":{\"@type\":\"ImageObject\",\"inLanguage\":\"es\",\"@id\":\"https:\\\/\\\/www.houseoffanatics.com\\\/es\\\/#\\\/schema\\\/logo\\\/image\\\/\",\"url\":\"https:\\\/\\\/www.houseoffanatics.com\\\/wp-content\\\/uploads\\\/logo-house-negro.png\",\"contentUrl\":\"https:\\\/\\\/www.houseoffanatics.com\\\/wp-content\\\/uploads\\\/logo-house-negro.png\",\"width\":875,\"height\":491,\"caption\":\"House of Fanatics\"},\"image\":{\"@id\":\"https:\\\/\\\/www.houseoffanatics.com\\\/es\\\/#\\\/schema\\\/logo\\\/image\\\/\"}}]}<\/script>\n<!-- \/ Yoast SEO plugin. -->","yoast_head_json":{"title":"WONDERMUSK EDP 100ml - House of Fanatics","robots":{"index":"index","follow":"follow","max-snippet":"max-snippet:-1","max-image-preview":"max-image-preview:large","max-video-preview":"max-video-preview:-1"},"canonical":"https:\/\/www.houseoffanatics.com\/es\/product\/wondermusk-edp-100ml\/","og_locale":"es_ES","og_type":"article","og_title":"WONDERMUSK EDP 100ml - House of Fanatics","og_description":"Un sue\u00f1o irreverente, una realidad desconocida se extiende a trav\u00e9s de un paisaje floral de \u00e1mbar almizclado. Una floraci\u00f3n c\u00edtrica de bergamota, rosa y azahar culmina en una composici\u00f3n de sensaciones indefinidas: sensual, elegante, \u00fanica. Un misticismo on\u00edrico encapsulado dentro de un c\u00e1lido incienso y complejo \u00e1mbar.","og_url":"https:\/\/www.houseoffanatics.com\/es\/product\/wondermusk-edp-100ml\/","og_site_name":"House of Fanatics","article_modified_time":"2026-04-28T07:08:50+00:00","og_image":[{"width":1000,"height":1049,"url":"https:\/\/www.houseoffanatics.com\/wp-content\/uploads\/caja-y-perfume-wondermusk.png","type":"image\/png"}],"twitter_card":"summary_large_image","twitter_misc":{"Tiempo de lectura":"1 minuto"},"schema":{"@context":"https:\/\/schema.org","@graph":[{"@type":"WebPage","@id":"https:\/\/www.houseoffanatics.com\/es\/product\/wondermusk-edp-100ml\/","url":"https:\/\/www.houseoffanatics.com\/es\/product\/wondermusk-edp-100ml\/","name":"WONDERMUSK EDP 100ml - House of Fanatics","isPartOf":{"@id":"https:\/\/www.houseoffanatics.com\/es\/#website"},"primaryImageOfPage":{"@id":"https:\/\/www.houseoffanatics.com\/es\/product\/wondermusk-edp-100ml\/#primaryimage"},"image":{"@id":"https:\/\/www.houseoffanatics.com\/es\/product\/wondermusk-edp-100ml\/#primaryimage"},"thumbnailUrl":"https:\/\/www.houseoffanatics.com\/wp-content\/uploads\/caja-y-perfume-wondermusk.png","datePublished":"2024-10-14T09:34:07+00:00","dateModified":"2026-04-28T07:08:50+00:00","breadcrumb":{"@id":"https:\/\/www.houseoffanatics.com\/es\/product\/wondermusk-edp-100ml\/#breadcrumb"},"inLanguage":"es","potentialAction":[{"@type":"ReadAction","target":["https:\/\/www.houseoffanatics.com\/es\/product\/wondermusk-edp-100ml\/"]}]},{"@type":"ImageObject","inLanguage":"es","@id":"https:\/\/www.houseoffanatics.com\/es\/product\/wondermusk-edp-100ml\/#primaryimage","url":"https:\/\/www.houseoffanatics.com\/wp-content\/uploads\/caja-y-perfume-wondermusk.png","contentUrl":"https:\/\/www.houseoffanatics.com\/wp-content\/uploads\/caja-y-perfume-wondermusk.png","width":1000,"height":1049},{"@type":"BreadcrumbList","@id":"https:\/\/www.houseoffanatics.com\/es\/product\/wondermusk-edp-100ml\/#breadcrumb","itemListElement":[{"@type":"ListItem","position":1,"name":"Home","item":"https:\/\/www.houseoffanatics.com\/es\/home-2026\/"},{"@type":"ListItem","position":2,"name":"Productos","item":"https:\/\/www.houseoffanatics.com\/es\/shop\/"},{"@type":"ListItem","position":3,"name":"WONDERMUSK EDP 100ml"}]},{"@type":"WebSite","@id":"https:\/\/www.houseoffanatics.com\/es\/#website","url":"https:\/\/www.houseoffanatics.com\/es\/","name":"House of Fanatics","description":"House of Fanatics","publisher":{"@id":"https:\/\/www.houseoffanatics.com\/es\/#organization"},"potentialAction":[{"@type":"SearchAction","target":{"@type":"EntryPoint","urlTemplate":"https:\/\/www.houseoffanatics.com\/es\/?s={search_term_string}"},"query-input":{"@type":"PropertyValueSpecification","valueRequired":true,"valueName":"search_term_string"}}],"inLanguage":"es"},{"@type":"Organization","@id":"https:\/\/www.houseoffanatics.com\/es\/#organization","name":"House of Fanatics","url":"https:\/\/www.houseoffanatics.com\/es\/","logo":{"@type":"ImageObject","inLanguage":"es","@id":"https:\/\/www.houseoffanatics.com\/es\/#\/schema\/logo\/image\/","url":"https:\/\/www.houseoffanatics.com\/wp-content\/uploads\/logo-house-negro.png","contentUrl":"https:\/\/www.houseoffanatics.com\/wp-content\/uploads\/logo-house-negro.png","width":875,"height":491,"caption":"House of Fanatics"},"image":{"@id":"https:\/\/www.houseoffanatics.com\/es\/#\/schema\/logo\/image\/"}}]}},"_links":{"self":[{"href":"https:\/\/www.houseoffanatics.com\/es\/wp-json\/wp\/v2\/product\/9968","targetHints":{"allow":["GET"]}}],"collection":[{"href":"https:\/\/www.houseoffanatics.com\/es\/wp-json\/wp\/v2\/product"}],"about":[{"href":"https:\/\/www.houseoffanatics.com\/es\/wp-json\/wp\/v2\/types\/product"}],"replies":[{"embeddable":true,"href":"https:\/\/www.houseoffanatics.com\/es\/wp-json\/wp\/v2\/comments?post=9968"}],"wp:featuredmedia":[{"embeddable":true,"href":"https:\/\/www.houseoffanatics.com\/es\/wp-json\/wp\/v2\/media\/12460"}],"wp:attachment":[{"href":"https:\/\/www.houseoffanatics.com\/es\/wp-json\/wp\/v2\/media?parent=9968"}],"wp:term":[{"taxonomy":"product_brand","embeddable":true,"href":"https:\/\/www.houseoffanatics.com\/es\/wp-json\/wp\/v2\/product_brand?post=9968"},{"taxonomy":"product_cat","embeddable":true,"href":"https:\/\/www.houseoffanatics.com\/es\/wp-json\/wp\/v2\/product_cat?post=9968"},{"taxonomy":"product_tag","embeddable":true,"href":"https:\/\/www.houseoffanatics.com\/es\/wp-json\/wp\/v2\/product_tag?post=9968"}],"curies":[{"name":"wp","href":"https:\/\/api.w.org\/{rel}","templated":true}]}}