{"id":28820,"date":"2026-04-15T15:58:18","date_gmt":"2026-04-15T13:58:18","guid":{"rendered":"https:\/\/www.houseoffanatics.com\/product\/error-dulce\/"},"modified":"2026-04-29T08:49:31","modified_gmt":"2026-04-29T06:49:31","slug":"error-dulce","status":"publish","type":"product","link":"https:\/\/www.houseoffanatics.com\/es\/product\/error-dulce\/","title":{"rendered":"SWEET ERROR EDP 100ml"},"content":{"rendered":"<p class=\"p1\">LA PERFECCI\u00d3N ES PREDECIBLE.<\/p>\n<p class=\"p2\">Sweet Error es el arte de abrazar lo imprevisto. Se abre con la dulzura aterciopelada y rica de la ciruela francesa y la viveza luminosa de la frambuesa silvestre, elevada por la calidez melosa de la davana de la India, un desv\u00edo deliberado que resulta instant\u00e1neamente adictivo. En el coraz\u00f3n, se despliega una nota floral radiante y a su vez et\u00e9rea, contrastada por el brillo profundo y embriagador del ron caribe\u00f1o y el abrazo resinoso del b\u00e1lsamo de tol\u00fa, difuminando la l\u00ednea entre confort y tentaci\u00f3n. El fondo se asienta en una mezcla de suavidad ambarada, la energ\u00eda especiada y amaderada de Akigalawood y la claridad esculpida de Georgywood, creando una estela luminosa y actual.   Sweet Error, el lujo de lo inesperado.<\/p>\n","protected":false},"excerpt":{"rendered":"<p class=\"p1\">LA PERFECCI\u00d3N ES PREDECIBLE.<\/p>\n<p class=\"p2\">Sweet Error es el arte de abrazar lo imprevisto.<\/p>\n<p class=\"p2\">Se abre con la dulzura aterciopelada y rica de la ciruela francesa y la viveza luminosa<\/p>\n<p class=\"p2\">de la frambuesa silvestre, elevada por la calidez melosa de la davana india, un desv\u00edo deliberado<\/p>\n<p class=\"p2\">que resulta instant\u00e1neamente adictivo.<\/p>\n<p class=\"p2\">En el coraz\u00f3n, se despliega una radiancia floral et\u00e9rea,<\/p>\n<p class=\"p2\">contrastada por el brillo profundo y embriagador del ron caribe\u00f1o y el abrazo resinoso<\/p>\n<p class=\"p2\">del b\u00e1lsamo de tol\u00fa, difuminando la l\u00ednea entre confort y tentaci\u00f3n.<\/p>\n<p class=\"p2\">El fondo se asienta en una mezcla de suavidad ambarada contempor\u00e1nea, la energ\u00eda especiada y amaderada de Akigalawood<\/p>\n<p class=\"p2\">y la claridad esculpida de Georgywood, creando una estela<\/p>\n<p class=\"p2\">luminosa y actual.<\/p>\n<p class=\"p2\">Sweet Error, el lujo de lo inesperado.<\/p>\n<p class=\"p3\">\n","protected":false},"featured_media":28750,"comment_status":"open","ping_status":"closed","template":"","meta":{"_acf_changed":false},"product_brand":[],"product_cat":[49],"product_tag":[],"class_list":{"0":"post-28820","1":"product","2":"type-product","3":"status-publish","4":"has-post-thumbnail","6":"product_cat-404-alchemy-found","8":"first","9":"instock","10":"shipping-taxable","11":"purchasable","12":"product-type-simple"},"acf":[],"yoast_head":"<!-- This site is optimized with the Yoast SEO plugin v27.4 - https:\/\/yoast.com\/product\/yoast-seo-wordpress\/ -->\n<title>SWEET ERROR EDP 100ml - House of Fanatics<\/title>\n<meta name=\"robots\" content=\"index, follow, max-snippet:-1, max-image-preview:large, max-video-preview:-1\" \/>\n<link rel=\"canonical\" href=\"https:\/\/www.houseoffanatics.com\/es\/product\/error-dulce\/\" \/>\n<meta property=\"og:locale\" content=\"es_ES\" \/>\n<meta property=\"og:type\" content=\"article\" \/>\n<meta property=\"og:title\" content=\"SWEET ERROR EDP 100ml - House of Fanatics\" \/>\n<meta property=\"og:description\" content=\"LA PERFECCI\u00d3N ES PREDECIBLE. Sweet Error es el arte de abrazar lo imprevisto. Se abre con la dulzura aterciopelada y rica de la ciruela francesa y la viveza luminosa de la frambuesa silvestre, elevada por la calidez melosa de la davana india, un desv\u00edo deliberado que resulta instant\u00e1neamente adictivo. En el coraz\u00f3n, se despliega una radiancia floral et\u00e9rea, contrastada por el brillo profundo y embriagador del ron caribe\u00f1o y el abrazo resinoso del b\u00e1lsamo de tol\u00fa, difuminando la l\u00ednea entre confort y tentaci\u00f3n. El fondo se asienta en una mezcla de suavidad ambarada contempor\u00e1nea, la energ\u00eda especiada y amaderada de Akigalawood y la claridad esculpida de Georgywood, creando una estela luminosa y actual. Sweet Error, el lujo de lo inesperado.\" \/>\n<meta property=\"og:url\" content=\"https:\/\/www.houseoffanatics.com\/es\/product\/error-dulce\/\" \/>\n<meta property=\"og:site_name\" content=\"House of Fanatics\" \/>\n<meta property=\"article:modified_time\" content=\"2026-04-29T06:49:31+00:00\" \/>\n<meta property=\"og:image\" content=\"https:\/\/www.houseoffanatics.com\/wp-content\/uploads\/sweet-error_conjunt_02-1.png\" \/>\n\t<meta property=\"og:image:width\" content=\"710\" \/>\n\t<meta property=\"og:image:height\" content=\"800\" \/>\n\t<meta property=\"og:image:type\" content=\"image\/png\" \/>\n<meta name=\"twitter:card\" content=\"summary_large_image\" \/>\n<meta name=\"twitter:label1\" content=\"Tiempo de lectura\" \/>\n\t<meta name=\"twitter:data1\" content=\"1 minuto\" \/>\n<script type=\"application\/ld+json\" class=\"yoast-schema-graph\">{\"@context\":\"https:\\\/\\\/schema.org\",\"@graph\":[{\"@type\":\"WebPage\",\"@id\":\"https:\\\/\\\/www.houseoffanatics.com\\\/es\\\/product\\\/error-dulce\\\/\",\"url\":\"https:\\\/\\\/www.houseoffanatics.com\\\/es\\\/product\\\/error-dulce\\\/\",\"name\":\"SWEET ERROR EDP 100ml - House of Fanatics\",\"isPartOf\":{\"@id\":\"https:\\\/\\\/www.houseoffanatics.com\\\/es\\\/#website\"},\"primaryImageOfPage\":{\"@id\":\"https:\\\/\\\/www.houseoffanatics.com\\\/es\\\/product\\\/error-dulce\\\/#primaryimage\"},\"image\":{\"@id\":\"https:\\\/\\\/www.houseoffanatics.com\\\/es\\\/product\\\/error-dulce\\\/#primaryimage\"},\"thumbnailUrl\":\"https:\\\/\\\/www.houseoffanatics.com\\\/wp-content\\\/uploads\\\/sweet-error_conjunt_02-1.png\",\"datePublished\":\"2026-04-15T13:58:18+00:00\",\"dateModified\":\"2026-04-29T06:49:31+00:00\",\"breadcrumb\":{\"@id\":\"https:\\\/\\\/www.houseoffanatics.com\\\/es\\\/product\\\/error-dulce\\\/#breadcrumb\"},\"inLanguage\":\"es\",\"potentialAction\":[{\"@type\":\"ReadAction\",\"target\":[\"https:\\\/\\\/www.houseoffanatics.com\\\/es\\\/product\\\/error-dulce\\\/\"]}]},{\"@type\":\"ImageObject\",\"inLanguage\":\"es\",\"@id\":\"https:\\\/\\\/www.houseoffanatics.com\\\/es\\\/product\\\/error-dulce\\\/#primaryimage\",\"url\":\"https:\\\/\\\/www.houseoffanatics.com\\\/wp-content\\\/uploads\\\/sweet-error_conjunt_02-1.png\",\"contentUrl\":\"https:\\\/\\\/www.houseoffanatics.com\\\/wp-content\\\/uploads\\\/sweet-error_conjunt_02-1.png\",\"width\":710,\"height\":800},{\"@type\":\"BreadcrumbList\",\"@id\":\"https:\\\/\\\/www.houseoffanatics.com\\\/es\\\/product\\\/error-dulce\\\/#breadcrumb\",\"itemListElement\":[{\"@type\":\"ListItem\",\"position\":1,\"name\":\"Home\",\"item\":\"https:\\\/\\\/www.houseoffanatics.com\\\/es\\\/home-2026\\\/\"},{\"@type\":\"ListItem\",\"position\":2,\"name\":\"Productos\",\"item\":\"https:\\\/\\\/www.houseoffanatics.com\\\/es\\\/shop\\\/\"},{\"@type\":\"ListItem\",\"position\":3,\"name\":\"SWEET ERROR EDP 100ml\"}]},{\"@type\":\"WebSite\",\"@id\":\"https:\\\/\\\/www.houseoffanatics.com\\\/es\\\/#website\",\"url\":\"https:\\\/\\\/www.houseoffanatics.com\\\/es\\\/\",\"name\":\"House of Fanatics\",\"description\":\"House of Fanatics\",\"publisher\":{\"@id\":\"https:\\\/\\\/www.houseoffanatics.com\\\/es\\\/#organization\"},\"potentialAction\":[{\"@type\":\"SearchAction\",\"target\":{\"@type\":\"EntryPoint\",\"urlTemplate\":\"https:\\\/\\\/www.houseoffanatics.com\\\/es\\\/?s={search_term_string}\"},\"query-input\":{\"@type\":\"PropertyValueSpecification\",\"valueRequired\":true,\"valueName\":\"search_term_string\"}}],\"inLanguage\":\"es\"},{\"@type\":\"Organization\",\"@id\":\"https:\\\/\\\/www.houseoffanatics.com\\\/es\\\/#organization\",\"name\":\"House of Fanatics\",\"url\":\"https:\\\/\\\/www.houseoffanatics.com\\\/es\\\/\",\"logo\":{\"@type\":\"ImageObject\",\"inLanguage\":\"es\",\"@id\":\"https:\\\/\\\/www.houseoffanatics.com\\\/es\\\/#\\\/schema\\\/logo\\\/image\\\/\",\"url\":\"https:\\\/\\\/www.houseoffanatics.com\\\/wp-content\\\/uploads\\\/logo-house-negro.png\",\"contentUrl\":\"https:\\\/\\\/www.houseoffanatics.com\\\/wp-content\\\/uploads\\\/logo-house-negro.png\",\"width\":875,\"height\":491,\"caption\":\"House of Fanatics\"},\"image\":{\"@id\":\"https:\\\/\\\/www.houseoffanatics.com\\\/es\\\/#\\\/schema\\\/logo\\\/image\\\/\"}}]}<\/script>\n<!-- \/ Yoast SEO plugin. -->","yoast_head_json":{"title":"SWEET ERROR EDP 100ml - House of Fanatics","robots":{"index":"index","follow":"follow","max-snippet":"max-snippet:-1","max-image-preview":"max-image-preview:large","max-video-preview":"max-video-preview:-1"},"canonical":"https:\/\/www.houseoffanatics.com\/es\/product\/error-dulce\/","og_locale":"es_ES","og_type":"article","og_title":"SWEET ERROR EDP 100ml - House of Fanatics","og_description":"LA PERFECCI\u00d3N ES PREDECIBLE. Sweet Error es el arte de abrazar lo imprevisto. Se abre con la dulzura aterciopelada y rica de la ciruela francesa y la viveza luminosa de la frambuesa silvestre, elevada por la calidez melosa de la davana india, un desv\u00edo deliberado que resulta instant\u00e1neamente adictivo. En el coraz\u00f3n, se despliega una radiancia floral et\u00e9rea, contrastada por el brillo profundo y embriagador del ron caribe\u00f1o y el abrazo resinoso del b\u00e1lsamo de tol\u00fa, difuminando la l\u00ednea entre confort y tentaci\u00f3n. El fondo se asienta en una mezcla de suavidad ambarada contempor\u00e1nea, la energ\u00eda especiada y amaderada de Akigalawood y la claridad esculpida de Georgywood, creando una estela luminosa y actual. Sweet Error, el lujo de lo inesperado.","og_url":"https:\/\/www.houseoffanatics.com\/es\/product\/error-dulce\/","og_site_name":"House of Fanatics","article_modified_time":"2026-04-29T06:49:31+00:00","og_image":[{"width":710,"height":800,"url":"https:\/\/www.houseoffanatics.com\/wp-content\/uploads\/sweet-error_conjunt_02-1.png","type":"image\/png"}],"twitter_card":"summary_large_image","twitter_misc":{"Tiempo de lectura":"1 minuto"},"schema":{"@context":"https:\/\/schema.org","@graph":[{"@type":"WebPage","@id":"https:\/\/www.houseoffanatics.com\/es\/product\/error-dulce\/","url":"https:\/\/www.houseoffanatics.com\/es\/product\/error-dulce\/","name":"SWEET ERROR EDP 100ml - House of Fanatics","isPartOf":{"@id":"https:\/\/www.houseoffanatics.com\/es\/#website"},"primaryImageOfPage":{"@id":"https:\/\/www.houseoffanatics.com\/es\/product\/error-dulce\/#primaryimage"},"image":{"@id":"https:\/\/www.houseoffanatics.com\/es\/product\/error-dulce\/#primaryimage"},"thumbnailUrl":"https:\/\/www.houseoffanatics.com\/wp-content\/uploads\/sweet-error_conjunt_02-1.png","datePublished":"2026-04-15T13:58:18+00:00","dateModified":"2026-04-29T06:49:31+00:00","breadcrumb":{"@id":"https:\/\/www.houseoffanatics.com\/es\/product\/error-dulce\/#breadcrumb"},"inLanguage":"es","potentialAction":[{"@type":"ReadAction","target":["https:\/\/www.houseoffanatics.com\/es\/product\/error-dulce\/"]}]},{"@type":"ImageObject","inLanguage":"es","@id":"https:\/\/www.houseoffanatics.com\/es\/product\/error-dulce\/#primaryimage","url":"https:\/\/www.houseoffanatics.com\/wp-content\/uploads\/sweet-error_conjunt_02-1.png","contentUrl":"https:\/\/www.houseoffanatics.com\/wp-content\/uploads\/sweet-error_conjunt_02-1.png","width":710,"height":800},{"@type":"BreadcrumbList","@id":"https:\/\/www.houseoffanatics.com\/es\/product\/error-dulce\/#breadcrumb","itemListElement":[{"@type":"ListItem","position":1,"name":"Home","item":"https:\/\/www.houseoffanatics.com\/es\/home-2026\/"},{"@type":"ListItem","position":2,"name":"Productos","item":"https:\/\/www.houseoffanatics.com\/es\/shop\/"},{"@type":"ListItem","position":3,"name":"SWEET ERROR EDP 100ml"}]},{"@type":"WebSite","@id":"https:\/\/www.houseoffanatics.com\/es\/#website","url":"https:\/\/www.houseoffanatics.com\/es\/","name":"House of Fanatics","description":"House of Fanatics","publisher":{"@id":"https:\/\/www.houseoffanatics.com\/es\/#organization"},"potentialAction":[{"@type":"SearchAction","target":{"@type":"EntryPoint","urlTemplate":"https:\/\/www.houseoffanatics.com\/es\/?s={search_term_string}"},"query-input":{"@type":"PropertyValueSpecification","valueRequired":true,"valueName":"search_term_string"}}],"inLanguage":"es"},{"@type":"Organization","@id":"https:\/\/www.houseoffanatics.com\/es\/#organization","name":"House of Fanatics","url":"https:\/\/www.houseoffanatics.com\/es\/","logo":{"@type":"ImageObject","inLanguage":"es","@id":"https:\/\/www.houseoffanatics.com\/es\/#\/schema\/logo\/image\/","url":"https:\/\/www.houseoffanatics.com\/wp-content\/uploads\/logo-house-negro.png","contentUrl":"https:\/\/www.houseoffanatics.com\/wp-content\/uploads\/logo-house-negro.png","width":875,"height":491,"caption":"House of Fanatics"},"image":{"@id":"https:\/\/www.houseoffanatics.com\/es\/#\/schema\/logo\/image\/"}}]}},"_links":{"self":[{"href":"https:\/\/www.houseoffanatics.com\/es\/wp-json\/wp\/v2\/product\/28820","targetHints":{"allow":["GET"]}}],"collection":[{"href":"https:\/\/www.houseoffanatics.com\/es\/wp-json\/wp\/v2\/product"}],"about":[{"href":"https:\/\/www.houseoffanatics.com\/es\/wp-json\/wp\/v2\/types\/product"}],"replies":[{"embeddable":true,"href":"https:\/\/www.houseoffanatics.com\/es\/wp-json\/wp\/v2\/comments?post=28820"}],"wp:featuredmedia":[{"embeddable":true,"href":"https:\/\/www.houseoffanatics.com\/es\/wp-json\/wp\/v2\/media\/28750"}],"wp:attachment":[{"href":"https:\/\/www.houseoffanatics.com\/es\/wp-json\/wp\/v2\/media?parent=28820"}],"wp:term":[{"taxonomy":"product_brand","embeddable":true,"href":"https:\/\/www.houseoffanatics.com\/es\/wp-json\/wp\/v2\/product_brand?post=28820"},{"taxonomy":"product_cat","embeddable":true,"href":"https:\/\/www.houseoffanatics.com\/es\/wp-json\/wp\/v2\/product_cat?post=28820"},{"taxonomy":"product_tag","embeddable":true,"href":"https:\/\/www.houseoffanatics.com\/es\/wp-json\/wp\/v2\/product_tag?post=28820"}],"curies":[{"name":"wp","href":"https:\/\/api.w.org\/{rel}","templated":true}]}}