{"id":28819,"date":"2026-04-15T16:07:30","date_gmt":"2026-04-15T14:07:30","guid":{"rendered":"https:\/\/www.houseoffanatics.com\/product\/codigo-punk\/"},"modified":"2026-04-29T08:49:37","modified_gmt":"2026-04-29T06:49:37","slug":"codigo-punk","status":"publish","type":"product","link":"https:\/\/www.houseoffanatics.com\/es\/product\/codigo-punk\/","title":{"rendered":"PUNK CODE EDP 100ml"},"content":{"rendered":"<p class=\"p1\">ROMPE EL SISTEMA.<\/p>\n<p class=\"p2\">TRANSFORMATE. Punk Code se enciende con la luminosidad de la mandarina siciliana y el acento incisivo de la pimienta rosa de Madagascar, atravesado por un matiz afrutado que aporta una energ\u00eda inesperada. En el coraz\u00f3n, un acorde de iris toscano y cashmeran c\u00e1lido construye un terciopelo de car\u00e1cter casi cibern\u00e9tico, profundo y envolvente, que evoluciona con precisi\u00f3n.<br \/>El fondo se asienta sobre un almizcle crudo , aportando estructura y una elegancia contenida que equilibra la composici\u00f3n.   Un perfume para quienes no siguen el c\u00f3digo, lo reescriben.<\/p>\n","protected":false},"excerpt":{"rendered":"<p class=\"p1\">ROMPE EL SISTEMA.<\/p>\n<p class=\"p2\">Reescr\u00edbete. Punk Code se enciende con una mandarina siciliana luminosa y el <\/p>\n<p class=\"p2\">chasquido rebelde de la pimienta rosa de Madagascar, elevado por una chispa afrutada<\/p>\n<p class=\"p2\">que se siente inesperadamente viva.<\/p>\n<p class=\"p2\">Un n\u00facleo de terciopelo cibern\u00e9tico de iris toscano y cashmeran c\u00e1lido resuena como<\/p>\n<p class=\"p2\">una l\u00ednea de bajo distorsionada, asent\u00e1ndose en un almizcle crudo y musgo de bosque que anclan<\/p>\n<p class=\"p2\">el caos con una elegancia silenciosa.<\/p>\n<p class=\"p2\">Un perfume para quienes no siguen el c\u00f3digo, lo reescriben.<\/p>\n<p class=\"p1\">\n","protected":false},"featured_media":28752,"comment_status":"open","ping_status":"closed","template":"","meta":{"_acf_changed":false},"product_brand":[],"product_cat":[49],"product_tag":[],"class_list":{"0":"post-28819","1":"product","2":"type-product","3":"status-publish","4":"has-post-thumbnail","6":"product_cat-404-alchemy-found","8":"first","9":"instock","10":"shipping-taxable","11":"purchasable","12":"product-type-simple"},"acf":[],"yoast_head":"<!-- This site is optimized with the Yoast SEO plugin v27.4 - https:\/\/yoast.com\/product\/yoast-seo-wordpress\/ -->\n<title>PUNK CODE EDP 100ml - House of Fanatics<\/title>\n<meta name=\"robots\" content=\"index, follow, max-snippet:-1, max-image-preview:large, max-video-preview:-1\" \/>\n<link rel=\"canonical\" href=\"https:\/\/www.houseoffanatics.com\/es\/product\/codigo-punk\/\" \/>\n<meta property=\"og:locale\" content=\"es_ES\" \/>\n<meta property=\"og:type\" content=\"article\" \/>\n<meta property=\"og:title\" content=\"PUNK CODE EDP 100ml - House of Fanatics\" \/>\n<meta property=\"og:description\" content=\"ROMPE EL SISTEMA. Reescr\u00edbete. Punk Code se enciende con una mandarina siciliana luminosa y el chasquido rebelde de la pimienta rosa de Madagascar, elevado por una chispa afrutada que se siente inesperadamente viva. Un n\u00facleo de terciopelo cibern\u00e9tico de iris toscano y cashmeran c\u00e1lido resuena como una l\u00ednea de bajo distorsionada, asent\u00e1ndose en un almizcle crudo y musgo de bosque que anclan el caos con una elegancia silenciosa. Un perfume para quienes no siguen el c\u00f3digo, lo reescriben.\" \/>\n<meta property=\"og:url\" content=\"https:\/\/www.houseoffanatics.com\/es\/product\/codigo-punk\/\" \/>\n<meta property=\"og:site_name\" content=\"House of Fanatics\" \/>\n<meta property=\"article:modified_time\" content=\"2026-04-29T06:49:37+00:00\" \/>\n<meta property=\"og:image\" content=\"https:\/\/www.houseoffanatics.com\/wp-content\/uploads\/punk-code_conjunt_02-1.png\" \/>\n\t<meta property=\"og:image:width\" content=\"710\" \/>\n\t<meta property=\"og:image:height\" content=\"800\" \/>\n\t<meta property=\"og:image:type\" content=\"image\/png\" \/>\n<meta name=\"twitter:card\" content=\"summary_large_image\" \/>\n<script type=\"application\/ld+json\" class=\"yoast-schema-graph\">{\"@context\":\"https:\\\/\\\/schema.org\",\"@graph\":[{\"@type\":\"WebPage\",\"@id\":\"https:\\\/\\\/www.houseoffanatics.com\\\/es\\\/product\\\/codigo-punk\\\/\",\"url\":\"https:\\\/\\\/www.houseoffanatics.com\\\/es\\\/product\\\/codigo-punk\\\/\",\"name\":\"PUNK CODE EDP 100ml - House of Fanatics\",\"isPartOf\":{\"@id\":\"https:\\\/\\\/www.houseoffanatics.com\\\/es\\\/#website\"},\"primaryImageOfPage\":{\"@id\":\"https:\\\/\\\/www.houseoffanatics.com\\\/es\\\/product\\\/codigo-punk\\\/#primaryimage\"},\"image\":{\"@id\":\"https:\\\/\\\/www.houseoffanatics.com\\\/es\\\/product\\\/codigo-punk\\\/#primaryimage\"},\"thumbnailUrl\":\"https:\\\/\\\/www.houseoffanatics.com\\\/wp-content\\\/uploads\\\/punk-code_conjunt_02-1.png\",\"datePublished\":\"2026-04-15T14:07:30+00:00\",\"dateModified\":\"2026-04-29T06:49:37+00:00\",\"breadcrumb\":{\"@id\":\"https:\\\/\\\/www.houseoffanatics.com\\\/es\\\/product\\\/codigo-punk\\\/#breadcrumb\"},\"inLanguage\":\"es\",\"potentialAction\":[{\"@type\":\"ReadAction\",\"target\":[\"https:\\\/\\\/www.houseoffanatics.com\\\/es\\\/product\\\/codigo-punk\\\/\"]}]},{\"@type\":\"ImageObject\",\"inLanguage\":\"es\",\"@id\":\"https:\\\/\\\/www.houseoffanatics.com\\\/es\\\/product\\\/codigo-punk\\\/#primaryimage\",\"url\":\"https:\\\/\\\/www.houseoffanatics.com\\\/wp-content\\\/uploads\\\/punk-code_conjunt_02-1.png\",\"contentUrl\":\"https:\\\/\\\/www.houseoffanatics.com\\\/wp-content\\\/uploads\\\/punk-code_conjunt_02-1.png\",\"width\":710,\"height\":800},{\"@type\":\"BreadcrumbList\",\"@id\":\"https:\\\/\\\/www.houseoffanatics.com\\\/es\\\/product\\\/codigo-punk\\\/#breadcrumb\",\"itemListElement\":[{\"@type\":\"ListItem\",\"position\":1,\"name\":\"Home\",\"item\":\"https:\\\/\\\/www.houseoffanatics.com\\\/es\\\/home-2026\\\/\"},{\"@type\":\"ListItem\",\"position\":2,\"name\":\"Productos\",\"item\":\"https:\\\/\\\/www.houseoffanatics.com\\\/es\\\/shop\\\/\"},{\"@type\":\"ListItem\",\"position\":3,\"name\":\"PUNK CODE EDP 100ml\"}]},{\"@type\":\"WebSite\",\"@id\":\"https:\\\/\\\/www.houseoffanatics.com\\\/es\\\/#website\",\"url\":\"https:\\\/\\\/www.houseoffanatics.com\\\/es\\\/\",\"name\":\"House of Fanatics\",\"description\":\"House of Fanatics\",\"publisher\":{\"@id\":\"https:\\\/\\\/www.houseoffanatics.com\\\/es\\\/#organization\"},\"potentialAction\":[{\"@type\":\"SearchAction\",\"target\":{\"@type\":\"EntryPoint\",\"urlTemplate\":\"https:\\\/\\\/www.houseoffanatics.com\\\/es\\\/?s={search_term_string}\"},\"query-input\":{\"@type\":\"PropertyValueSpecification\",\"valueRequired\":true,\"valueName\":\"search_term_string\"}}],\"inLanguage\":\"es\"},{\"@type\":\"Organization\",\"@id\":\"https:\\\/\\\/www.houseoffanatics.com\\\/es\\\/#organization\",\"name\":\"House of Fanatics\",\"url\":\"https:\\\/\\\/www.houseoffanatics.com\\\/es\\\/\",\"logo\":{\"@type\":\"ImageObject\",\"inLanguage\":\"es\",\"@id\":\"https:\\\/\\\/www.houseoffanatics.com\\\/es\\\/#\\\/schema\\\/logo\\\/image\\\/\",\"url\":\"https:\\\/\\\/www.houseoffanatics.com\\\/wp-content\\\/uploads\\\/logo-house-negro.png\",\"contentUrl\":\"https:\\\/\\\/www.houseoffanatics.com\\\/wp-content\\\/uploads\\\/logo-house-negro.png\",\"width\":875,\"height\":491,\"caption\":\"House of Fanatics\"},\"image\":{\"@id\":\"https:\\\/\\\/www.houseoffanatics.com\\\/es\\\/#\\\/schema\\\/logo\\\/image\\\/\"}}]}<\/script>\n<!-- \/ Yoast SEO plugin. -->","yoast_head_json":{"title":"PUNK CODE EDP 100ml - House of Fanatics","robots":{"index":"index","follow":"follow","max-snippet":"max-snippet:-1","max-image-preview":"max-image-preview:large","max-video-preview":"max-video-preview:-1"},"canonical":"https:\/\/www.houseoffanatics.com\/es\/product\/codigo-punk\/","og_locale":"es_ES","og_type":"article","og_title":"PUNK CODE EDP 100ml - House of Fanatics","og_description":"ROMPE EL SISTEMA. Reescr\u00edbete. Punk Code se enciende con una mandarina siciliana luminosa y el chasquido rebelde de la pimienta rosa de Madagascar, elevado por una chispa afrutada que se siente inesperadamente viva. Un n\u00facleo de terciopelo cibern\u00e9tico de iris toscano y cashmeran c\u00e1lido resuena como una l\u00ednea de bajo distorsionada, asent\u00e1ndose en un almizcle crudo y musgo de bosque que anclan el caos con una elegancia silenciosa. Un perfume para quienes no siguen el c\u00f3digo, lo reescriben.","og_url":"https:\/\/www.houseoffanatics.com\/es\/product\/codigo-punk\/","og_site_name":"House of Fanatics","article_modified_time":"2026-04-29T06:49:37+00:00","og_image":[{"width":710,"height":800,"url":"https:\/\/www.houseoffanatics.com\/wp-content\/uploads\/punk-code_conjunt_02-1.png","type":"image\/png"}],"twitter_card":"summary_large_image","schema":{"@context":"https:\/\/schema.org","@graph":[{"@type":"WebPage","@id":"https:\/\/www.houseoffanatics.com\/es\/product\/codigo-punk\/","url":"https:\/\/www.houseoffanatics.com\/es\/product\/codigo-punk\/","name":"PUNK CODE EDP 100ml - House of Fanatics","isPartOf":{"@id":"https:\/\/www.houseoffanatics.com\/es\/#website"},"primaryImageOfPage":{"@id":"https:\/\/www.houseoffanatics.com\/es\/product\/codigo-punk\/#primaryimage"},"image":{"@id":"https:\/\/www.houseoffanatics.com\/es\/product\/codigo-punk\/#primaryimage"},"thumbnailUrl":"https:\/\/www.houseoffanatics.com\/wp-content\/uploads\/punk-code_conjunt_02-1.png","datePublished":"2026-04-15T14:07:30+00:00","dateModified":"2026-04-29T06:49:37+00:00","breadcrumb":{"@id":"https:\/\/www.houseoffanatics.com\/es\/product\/codigo-punk\/#breadcrumb"},"inLanguage":"es","potentialAction":[{"@type":"ReadAction","target":["https:\/\/www.houseoffanatics.com\/es\/product\/codigo-punk\/"]}]},{"@type":"ImageObject","inLanguage":"es","@id":"https:\/\/www.houseoffanatics.com\/es\/product\/codigo-punk\/#primaryimage","url":"https:\/\/www.houseoffanatics.com\/wp-content\/uploads\/punk-code_conjunt_02-1.png","contentUrl":"https:\/\/www.houseoffanatics.com\/wp-content\/uploads\/punk-code_conjunt_02-1.png","width":710,"height":800},{"@type":"BreadcrumbList","@id":"https:\/\/www.houseoffanatics.com\/es\/product\/codigo-punk\/#breadcrumb","itemListElement":[{"@type":"ListItem","position":1,"name":"Home","item":"https:\/\/www.houseoffanatics.com\/es\/home-2026\/"},{"@type":"ListItem","position":2,"name":"Productos","item":"https:\/\/www.houseoffanatics.com\/es\/shop\/"},{"@type":"ListItem","position":3,"name":"PUNK CODE EDP 100ml"}]},{"@type":"WebSite","@id":"https:\/\/www.houseoffanatics.com\/es\/#website","url":"https:\/\/www.houseoffanatics.com\/es\/","name":"House of Fanatics","description":"House of Fanatics","publisher":{"@id":"https:\/\/www.houseoffanatics.com\/es\/#organization"},"potentialAction":[{"@type":"SearchAction","target":{"@type":"EntryPoint","urlTemplate":"https:\/\/www.houseoffanatics.com\/es\/?s={search_term_string}"},"query-input":{"@type":"PropertyValueSpecification","valueRequired":true,"valueName":"search_term_string"}}],"inLanguage":"es"},{"@type":"Organization","@id":"https:\/\/www.houseoffanatics.com\/es\/#organization","name":"House of Fanatics","url":"https:\/\/www.houseoffanatics.com\/es\/","logo":{"@type":"ImageObject","inLanguage":"es","@id":"https:\/\/www.houseoffanatics.com\/es\/#\/schema\/logo\/image\/","url":"https:\/\/www.houseoffanatics.com\/wp-content\/uploads\/logo-house-negro.png","contentUrl":"https:\/\/www.houseoffanatics.com\/wp-content\/uploads\/logo-house-negro.png","width":875,"height":491,"caption":"House of Fanatics"},"image":{"@id":"https:\/\/www.houseoffanatics.com\/es\/#\/schema\/logo\/image\/"}}]}},"_links":{"self":[{"href":"https:\/\/www.houseoffanatics.com\/es\/wp-json\/wp\/v2\/product\/28819","targetHints":{"allow":["GET"]}}],"collection":[{"href":"https:\/\/www.houseoffanatics.com\/es\/wp-json\/wp\/v2\/product"}],"about":[{"href":"https:\/\/www.houseoffanatics.com\/es\/wp-json\/wp\/v2\/types\/product"}],"replies":[{"embeddable":true,"href":"https:\/\/www.houseoffanatics.com\/es\/wp-json\/wp\/v2\/comments?post=28819"}],"wp:featuredmedia":[{"embeddable":true,"href":"https:\/\/www.houseoffanatics.com\/es\/wp-json\/wp\/v2\/media\/28752"}],"wp:attachment":[{"href":"https:\/\/www.houseoffanatics.com\/es\/wp-json\/wp\/v2\/media?parent=28819"}],"wp:term":[{"taxonomy":"product_brand","embeddable":true,"href":"https:\/\/www.houseoffanatics.com\/es\/wp-json\/wp\/v2\/product_brand?post=28819"},{"taxonomy":"product_cat","embeddable":true,"href":"https:\/\/www.houseoffanatics.com\/es\/wp-json\/wp\/v2\/product_cat?post=28819"},{"taxonomy":"product_tag","embeddable":true,"href":"https:\/\/www.houseoffanatics.com\/es\/wp-json\/wp\/v2\/product_tag?post=28819"}],"curies":[{"name":"wp","href":"https:\/\/api.w.org\/{rel}","templated":true}]}}