{"id":28679,"date":"2026-04-15T16:09:32","date_gmt":"2026-04-15T14:09:32","guid":{"rendered":"https:\/\/www.houseoffanatics.com\/product\/jasmine-glitch\/"},"modified":"2026-04-28T13:37:48","modified_gmt":"2026-04-28T11:37:48","slug":"jasmine-glitch","status":"publish","type":"product","link":"https:\/\/www.houseoffanatics.com\/es\/product\/jasmine-glitch\/","title":{"rendered":"JASMINE GLITCH EDP 100ml"},"content":{"rendered":"<p class=\"p1\">UN DESTELLO CRISTALINO FRACTURA EL SILENCIO.<\/p>\n<p class=\"p2\">La bergamota de Calabria y la pimienta negra destellan como luz fr\u00eda sobre una se\u00f1al interrumpida. Luego, una alteraci\u00f3n florece: un jazm\u00edn empolvado se refracta en un resplandor suave y moderno, entrelazado con el susurro aterciopelado del iris toscano y la vibraci\u00f3n de la tuberosa y un ylang-ylang de Comoras.<br \/>En el fondo, el vetiver, la madera de cedro del Atlas y un velo de almizcle ligero se asientan en una alineaci\u00f3n silenciosa: un glitch fresco y luminoso que evoluciona hacia un nuevo tipo de se\u00f1al floral.  <\/p>\n","protected":false},"excerpt":{"rendered":"<p class=\"p1\">UN DESTELLO CRISTALINO FRACTURA EL SILENCIO.<\/p>\n<p class=\"p2\">La bergamota de Calabria y la pimienta negra destellan como luz fr\u00eda sobre una<\/p>\n<p class=\"p2\">se\u00f1al. Luego, el fallo florece: un jazm\u00edn empolvado se refracta en un resplandor suave y contempor\u00e1neo <\/p>\n<p class=\"p2\">brillo, entrelazado con el susurro aterciopelado del iris toscano y la vibraci\u00f3n casi ne\u00f3n de la India<\/p>\n<p class=\"p2\">tuberosa y el ylang-ylang de Comoras.<\/p>\n<p class=\"p2\">En el poso final, el vetiver, la madera de cedro del Atlas y un velo de almizcle ligero se asientan en una calma silenciosa.<\/p>\n<p class=\"p2\">alineaci\u00f3n: un glitch fr\u00edo y luminoso que evoluciona hacia una nueva forma de se\u00f1al floral.<\/p>\n<p class=\"p1\">\n","protected":false},"featured_media":28754,"comment_status":"open","ping_status":"closed","template":"","meta":{"_acf_changed":false},"product_brand":[],"product_cat":[49],"product_tag":[],"class_list":{"0":"post-28679","1":"product","2":"type-product","3":"status-publish","4":"has-post-thumbnail","6":"product_cat-404-alchemy-found","8":"first","9":"instock","10":"shipping-taxable","11":"purchasable","12":"product-type-simple"},"acf":[],"yoast_head":"<!-- This site is optimized with the Yoast SEO plugin v27.4 - https:\/\/yoast.com\/product\/yoast-seo-wordpress\/ -->\n<title>JASMINE GLITCH EDP 100ml - House of Fanatics<\/title>\n<meta name=\"robots\" content=\"index, follow, max-snippet:-1, max-image-preview:large, max-video-preview:-1\" \/>\n<link rel=\"canonical\" href=\"https:\/\/www.houseoffanatics.com\/es\/product\/jasmine-glitch\/\" \/>\n<meta property=\"og:locale\" content=\"es_ES\" \/>\n<meta property=\"og:type\" content=\"article\" \/>\n<meta property=\"og:title\" content=\"JASMINE GLITCH EDP 100ml - House of Fanatics\" \/>\n<meta property=\"og:description\" content=\"UN DESTELLO CRISTALINO FRACTURA EL SILENCIO. La bergamota de Calabria y la pimienta negra destellan como luz fr\u00eda sobre una se\u00f1al. Luego, el fallo florece: un jazm\u00edn empolvado se refracta en un resplandor suave y contempor\u00e1neo brillo, entrelazado con el susurro aterciopelado del iris toscano y la vibraci\u00f3n casi ne\u00f3n de la India tuberosa y el ylang-ylang de Comoras. En el poso final, el vetiver, la madera de cedro del Atlas y un velo de almizcle ligero se asientan en una calma silenciosa. alineaci\u00f3n: un glitch fr\u00edo y luminoso que evoluciona hacia una nueva forma de se\u00f1al floral.\" \/>\n<meta property=\"og:url\" content=\"https:\/\/www.houseoffanatics.com\/es\/product\/jasmine-glitch\/\" \/>\n<meta property=\"og:site_name\" content=\"House of Fanatics\" \/>\n<meta property=\"article:modified_time\" content=\"2026-04-28T11:37:48+00:00\" \/>\n<meta property=\"og:image\" content=\"https:\/\/www.houseoffanatics.com\/wp-content\/uploads\/jasmine_conjunt_02.png\" \/>\n\t<meta property=\"og:image:width\" content=\"710\" \/>\n\t<meta property=\"og:image:height\" content=\"800\" \/>\n\t<meta property=\"og:image:type\" content=\"image\/png\" \/>\n<meta name=\"twitter:card\" content=\"summary_large_image\" \/>\n<meta name=\"twitter:label1\" content=\"Tiempo de lectura\" \/>\n\t<meta name=\"twitter:data1\" content=\"1 minuto\" \/>\n<script type=\"application\/ld+json\" class=\"yoast-schema-graph\">{\"@context\":\"https:\\\/\\\/schema.org\",\"@graph\":[{\"@type\":\"WebPage\",\"@id\":\"https:\\\/\\\/www.houseoffanatics.com\\\/es\\\/product\\\/jasmine-glitch\\\/\",\"url\":\"https:\\\/\\\/www.houseoffanatics.com\\\/es\\\/product\\\/jasmine-glitch\\\/\",\"name\":\"JASMINE GLITCH EDP 100ml - House of Fanatics\",\"isPartOf\":{\"@id\":\"https:\\\/\\\/www.houseoffanatics.com\\\/es\\\/#website\"},\"primaryImageOfPage\":{\"@id\":\"https:\\\/\\\/www.houseoffanatics.com\\\/es\\\/product\\\/jasmine-glitch\\\/#primaryimage\"},\"image\":{\"@id\":\"https:\\\/\\\/www.houseoffanatics.com\\\/es\\\/product\\\/jasmine-glitch\\\/#primaryimage\"},\"thumbnailUrl\":\"https:\\\/\\\/www.houseoffanatics.com\\\/wp-content\\\/uploads\\\/jasmine_conjunt_02.png\",\"datePublished\":\"2026-04-15T14:09:32+00:00\",\"dateModified\":\"2026-04-28T11:37:48+00:00\",\"breadcrumb\":{\"@id\":\"https:\\\/\\\/www.houseoffanatics.com\\\/es\\\/product\\\/jasmine-glitch\\\/#breadcrumb\"},\"inLanguage\":\"es\",\"potentialAction\":[{\"@type\":\"ReadAction\",\"target\":[\"https:\\\/\\\/www.houseoffanatics.com\\\/es\\\/product\\\/jasmine-glitch\\\/\"]}]},{\"@type\":\"ImageObject\",\"inLanguage\":\"es\",\"@id\":\"https:\\\/\\\/www.houseoffanatics.com\\\/es\\\/product\\\/jasmine-glitch\\\/#primaryimage\",\"url\":\"https:\\\/\\\/www.houseoffanatics.com\\\/wp-content\\\/uploads\\\/jasmine_conjunt_02.png\",\"contentUrl\":\"https:\\\/\\\/www.houseoffanatics.com\\\/wp-content\\\/uploads\\\/jasmine_conjunt_02.png\",\"width\":710,\"height\":800},{\"@type\":\"BreadcrumbList\",\"@id\":\"https:\\\/\\\/www.houseoffanatics.com\\\/es\\\/product\\\/jasmine-glitch\\\/#breadcrumb\",\"itemListElement\":[{\"@type\":\"ListItem\",\"position\":1,\"name\":\"Home\",\"item\":\"https:\\\/\\\/www.houseoffanatics.com\\\/es\\\/home-2026\\\/\"},{\"@type\":\"ListItem\",\"position\":2,\"name\":\"Productos\",\"item\":\"https:\\\/\\\/www.houseoffanatics.com\\\/es\\\/shop\\\/\"},{\"@type\":\"ListItem\",\"position\":3,\"name\":\"JASMINE GLITCH EDP 100ml\"}]},{\"@type\":\"WebSite\",\"@id\":\"https:\\\/\\\/www.houseoffanatics.com\\\/es\\\/#website\",\"url\":\"https:\\\/\\\/www.houseoffanatics.com\\\/es\\\/\",\"name\":\"House of Fanatics\",\"description\":\"House of Fanatics\",\"publisher\":{\"@id\":\"https:\\\/\\\/www.houseoffanatics.com\\\/es\\\/#organization\"},\"potentialAction\":[{\"@type\":\"SearchAction\",\"target\":{\"@type\":\"EntryPoint\",\"urlTemplate\":\"https:\\\/\\\/www.houseoffanatics.com\\\/es\\\/?s={search_term_string}\"},\"query-input\":{\"@type\":\"PropertyValueSpecification\",\"valueRequired\":true,\"valueName\":\"search_term_string\"}}],\"inLanguage\":\"es\"},{\"@type\":\"Organization\",\"@id\":\"https:\\\/\\\/www.houseoffanatics.com\\\/es\\\/#organization\",\"name\":\"House of Fanatics\",\"url\":\"https:\\\/\\\/www.houseoffanatics.com\\\/es\\\/\",\"logo\":{\"@type\":\"ImageObject\",\"inLanguage\":\"es\",\"@id\":\"https:\\\/\\\/www.houseoffanatics.com\\\/es\\\/#\\\/schema\\\/logo\\\/image\\\/\",\"url\":\"https:\\\/\\\/www.houseoffanatics.com\\\/wp-content\\\/uploads\\\/logo-house-negro.png\",\"contentUrl\":\"https:\\\/\\\/www.houseoffanatics.com\\\/wp-content\\\/uploads\\\/logo-house-negro.png\",\"width\":875,\"height\":491,\"caption\":\"House of Fanatics\"},\"image\":{\"@id\":\"https:\\\/\\\/www.houseoffanatics.com\\\/es\\\/#\\\/schema\\\/logo\\\/image\\\/\"}}]}<\/script>\n<!-- \/ Yoast SEO plugin. -->","yoast_head_json":{"title":"JASMINE GLITCH EDP 100ml - House of Fanatics","robots":{"index":"index","follow":"follow","max-snippet":"max-snippet:-1","max-image-preview":"max-image-preview:large","max-video-preview":"max-video-preview:-1"},"canonical":"https:\/\/www.houseoffanatics.com\/es\/product\/jasmine-glitch\/","og_locale":"es_ES","og_type":"article","og_title":"JASMINE GLITCH EDP 100ml - House of Fanatics","og_description":"UN DESTELLO CRISTALINO FRACTURA EL SILENCIO. La bergamota de Calabria y la pimienta negra destellan como luz fr\u00eda sobre una se\u00f1al. Luego, el fallo florece: un jazm\u00edn empolvado se refracta en un resplandor suave y contempor\u00e1neo brillo, entrelazado con el susurro aterciopelado del iris toscano y la vibraci\u00f3n casi ne\u00f3n de la India tuberosa y el ylang-ylang de Comoras. En el poso final, el vetiver, la madera de cedro del Atlas y un velo de almizcle ligero se asientan en una calma silenciosa. alineaci\u00f3n: un glitch fr\u00edo y luminoso que evoluciona hacia una nueva forma de se\u00f1al floral.","og_url":"https:\/\/www.houseoffanatics.com\/es\/product\/jasmine-glitch\/","og_site_name":"House of Fanatics","article_modified_time":"2026-04-28T11:37:48+00:00","og_image":[{"width":710,"height":800,"url":"https:\/\/www.houseoffanatics.com\/wp-content\/uploads\/jasmine_conjunt_02.png","type":"image\/png"}],"twitter_card":"summary_large_image","twitter_misc":{"Tiempo de lectura":"1 minuto"},"schema":{"@context":"https:\/\/schema.org","@graph":[{"@type":"WebPage","@id":"https:\/\/www.houseoffanatics.com\/es\/product\/jasmine-glitch\/","url":"https:\/\/www.houseoffanatics.com\/es\/product\/jasmine-glitch\/","name":"JASMINE GLITCH EDP 100ml - House of Fanatics","isPartOf":{"@id":"https:\/\/www.houseoffanatics.com\/es\/#website"},"primaryImageOfPage":{"@id":"https:\/\/www.houseoffanatics.com\/es\/product\/jasmine-glitch\/#primaryimage"},"image":{"@id":"https:\/\/www.houseoffanatics.com\/es\/product\/jasmine-glitch\/#primaryimage"},"thumbnailUrl":"https:\/\/www.houseoffanatics.com\/wp-content\/uploads\/jasmine_conjunt_02.png","datePublished":"2026-04-15T14:09:32+00:00","dateModified":"2026-04-28T11:37:48+00:00","breadcrumb":{"@id":"https:\/\/www.houseoffanatics.com\/es\/product\/jasmine-glitch\/#breadcrumb"},"inLanguage":"es","potentialAction":[{"@type":"ReadAction","target":["https:\/\/www.houseoffanatics.com\/es\/product\/jasmine-glitch\/"]}]},{"@type":"ImageObject","inLanguage":"es","@id":"https:\/\/www.houseoffanatics.com\/es\/product\/jasmine-glitch\/#primaryimage","url":"https:\/\/www.houseoffanatics.com\/wp-content\/uploads\/jasmine_conjunt_02.png","contentUrl":"https:\/\/www.houseoffanatics.com\/wp-content\/uploads\/jasmine_conjunt_02.png","width":710,"height":800},{"@type":"BreadcrumbList","@id":"https:\/\/www.houseoffanatics.com\/es\/product\/jasmine-glitch\/#breadcrumb","itemListElement":[{"@type":"ListItem","position":1,"name":"Home","item":"https:\/\/www.houseoffanatics.com\/es\/home-2026\/"},{"@type":"ListItem","position":2,"name":"Productos","item":"https:\/\/www.houseoffanatics.com\/es\/shop\/"},{"@type":"ListItem","position":3,"name":"JASMINE GLITCH EDP 100ml"}]},{"@type":"WebSite","@id":"https:\/\/www.houseoffanatics.com\/es\/#website","url":"https:\/\/www.houseoffanatics.com\/es\/","name":"House of Fanatics","description":"House of Fanatics","publisher":{"@id":"https:\/\/www.houseoffanatics.com\/es\/#organization"},"potentialAction":[{"@type":"SearchAction","target":{"@type":"EntryPoint","urlTemplate":"https:\/\/www.houseoffanatics.com\/es\/?s={search_term_string}"},"query-input":{"@type":"PropertyValueSpecification","valueRequired":true,"valueName":"search_term_string"}}],"inLanguage":"es"},{"@type":"Organization","@id":"https:\/\/www.houseoffanatics.com\/es\/#organization","name":"House of Fanatics","url":"https:\/\/www.houseoffanatics.com\/es\/","logo":{"@type":"ImageObject","inLanguage":"es","@id":"https:\/\/www.houseoffanatics.com\/es\/#\/schema\/logo\/image\/","url":"https:\/\/www.houseoffanatics.com\/wp-content\/uploads\/logo-house-negro.png","contentUrl":"https:\/\/www.houseoffanatics.com\/wp-content\/uploads\/logo-house-negro.png","width":875,"height":491,"caption":"House of Fanatics"},"image":{"@id":"https:\/\/www.houseoffanatics.com\/es\/#\/schema\/logo\/image\/"}}]}},"_links":{"self":[{"href":"https:\/\/www.houseoffanatics.com\/es\/wp-json\/wp\/v2\/product\/28679","targetHints":{"allow":["GET"]}}],"collection":[{"href":"https:\/\/www.houseoffanatics.com\/es\/wp-json\/wp\/v2\/product"}],"about":[{"href":"https:\/\/www.houseoffanatics.com\/es\/wp-json\/wp\/v2\/types\/product"}],"replies":[{"embeddable":true,"href":"https:\/\/www.houseoffanatics.com\/es\/wp-json\/wp\/v2\/comments?post=28679"}],"wp:featuredmedia":[{"embeddable":true,"href":"https:\/\/www.houseoffanatics.com\/es\/wp-json\/wp\/v2\/media\/28754"}],"wp:attachment":[{"href":"https:\/\/www.houseoffanatics.com\/es\/wp-json\/wp\/v2\/media?parent=28679"}],"wp:term":[{"taxonomy":"product_brand","embeddable":true,"href":"https:\/\/www.houseoffanatics.com\/es\/wp-json\/wp\/v2\/product_brand?post=28679"},{"taxonomy":"product_cat","embeddable":true,"href":"https:\/\/www.houseoffanatics.com\/es\/wp-json\/wp\/v2\/product_cat?post=28679"},{"taxonomy":"product_tag","embeddable":true,"href":"https:\/\/www.houseoffanatics.com\/es\/wp-json\/wp\/v2\/product_tag?post=28679"}],"curies":[{"name":"wp","href":"https:\/\/api.w.org\/{rel}","templated":true}]}}