{"id":9981,"date":"2024-10-14T12:33:47","date_gmt":"2024-10-14T10:33:47","guid":{"rendered":"https:\/\/www.houseoffanatics.com\/the-creators\/"},"modified":"2025-02-10T15:12:46","modified_gmt":"2025-02-10T14:12:46","slug":"the-creators","status":"publish","type":"page","link":"https:\/\/www.houseoffanatics.com\/es\/the-creators\/","title":{"rendered":"The creators"},"content":{"rendered":"\t\t<div data-elementor-type=\"wp-page\" data-elementor-id=\"9981\" class=\"elementor elementor-9981 elementor-421\" data-elementor-post-type=\"page\">\n\t\t\t\t<div class=\"elementor-element elementor-element-d394604 e-con-full e-flex e-con e-parent\" data-id=\"d394604\" data-element_type=\"container\" data-e-type=\"container\" data-settings=\"{&quot;background_background&quot;:&quot;classic&quot;}\">\n\t\t<div class=\"elementor-element elementor-element-879b335 e-con-full e-flex e-con e-child\" data-id=\"879b335\" data-element_type=\"container\" data-e-type=\"container\">\n\t\t\t\t<\/div>\n\t\t<div class=\"elementor-element elementor-element-967e10b e-con-full e-flex e-con e-child\" data-id=\"967e10b\" data-element_type=\"container\" data-e-type=\"container\">\n\t\t\t\t<div class=\"elementor-element elementor-element-d7f4291 elementor-widget elementor-widget-heading\" data-id=\"d7f4291\" data-element_type=\"widget\" data-e-type=\"widget\" data-widget_type=\"heading.default\">\n\t\t\t\t<div class=\"elementor-widget-container\">\n\t\t\t\t\t<h1 class=\"elementor-heading-title elementor-size-default\">The creators<\/h1>\t\t\t\t<\/div>\n\t\t\t\t<\/div>\n\t\t\t\t<div class=\"elementor-element elementor-element-3aeadae elementor-widget elementor-widget-heading\" data-id=\"3aeadae\" data-element_type=\"widget\" data-e-type=\"widget\" data-widget_type=\"heading.default\">\n\t\t\t\t<div class=\"elementor-widget-container\">\n\t\t\t\t\t<p class=\"elementor-heading-title elementor-size-default\">Una nueva escena donde \nlos perfumistas m\u00e1s prestigiosos crean con inspiraci\u00f3n ilimitada<\/p>\t\t\t\t<\/div>\n\t\t\t\t<\/div>\n\t\t\t\t<\/div>\n\t\t<div class=\"elementor-element elementor-element-62d189f e-con-full e-flex e-con e-child\" data-id=\"62d189f\" data-element_type=\"container\" data-e-type=\"container\">\n\t\t\t\t<\/div>\n\t\t\t\t<\/div>\n\t\t<div class=\"elementor-element elementor-element-e74e9c7 e-flex e-con-boxed e-con e-parent\" data-id=\"e74e9c7\" data-element_type=\"container\" data-e-type=\"container\">\n\t\t\t\t\t<div class=\"e-con-inner\">\n\t\t\t\t<div class=\"elementor-element elementor-element-f50080b elementor-widget elementor-widget-heading\" data-id=\"f50080b\" data-element_type=\"widget\" data-e-type=\"widget\" data-widget_type=\"heading.default\">\n\t\t\t\t<div class=\"elementor-widget-container\">\n\t\t\t\t\t<h2 class=\"elementor-heading-title elementor-size-default\">Artesanos de lo excepcional<\/h2>\t\t\t\t<\/div>\n\t\t\t\t<\/div>\n\t\t\t\t<div class=\"elementor-element elementor-element-e228729 elementor-widget elementor-widget-heading\" data-id=\"e228729\" data-element_type=\"widget\" data-e-type=\"widget\" data-widget_type=\"heading.default\">\n\t\t\t\t<div class=\"elementor-widget-container\">\n\t\t\t\t\t<p class=\"elementor-heading-title elementor-size-default\">MAGOS PERFUMISTAS, PROVOCADORES DE EMOCIONES<\/p>\t\t\t\t<\/div>\n\t\t\t\t<\/div>\n\t\t\t\t\t<\/div>\n\t\t\t\t<\/div>\n\t\t<div class=\"elementor-element elementor-element-605f7f6 e-con-full e-flex e-con e-parent\" data-id=\"605f7f6\" data-element_type=\"container\" data-e-type=\"container\">\n\t\t<div class=\"elementor-element elementor-element-95c0a65 e-con-full e-flex e-con e-child\" data-id=\"95c0a65\" data-element_type=\"container\" data-e-type=\"container\" data-settings=\"{&quot;background_background&quot;:&quot;classic&quot;}\">\n\t\t\t\t<\/div>\n\t\t<div class=\"elementor-element elementor-element-681da0d e-con-full e-flex e-con e-child\" data-id=\"681da0d\" data-element_type=\"container\" data-e-type=\"container\" data-settings=\"{&quot;background_background&quot;:&quot;classic&quot;}\">\n\t\t\t\t<div class=\"elementor-element elementor-element-55e1e0f elementor-widget elementor-widget-heading\" data-id=\"55e1e0f\" data-element_type=\"widget\" data-e-type=\"widget\" data-widget_type=\"heading.default\">\n\t\t\t\t<div class=\"elementor-widget-container\">\n\t\t\t\t\t<p class=\"elementor-heading-title elementor-size-default\">Jordi Fern\u00e1ndez<\/p>\t\t\t\t<\/div>\n\t\t\t\t<\/div>\n\t\t\t\t<\/div>\n\t\t<div class=\"elementor-element elementor-element-8fb1260 e-con-full e-flex e-con e-child\" data-id=\"8fb1260\" data-element_type=\"container\" data-e-type=\"container\" data-settings=\"{&quot;background_background&quot;:&quot;classic&quot;}\">\n\t\t\t\t<\/div>\n\t\t<div class=\"elementor-element elementor-element-80f9073 e-con-full e-flex e-con e-child\" data-id=\"80f9073\" data-element_type=\"container\" data-e-type=\"container\" data-settings=\"{&quot;background_background&quot;:&quot;classic&quot;}\">\n\t\t\t\t<div class=\"elementor-element elementor-element-5654c63 elementor-widget elementor-widget-heading\" data-id=\"5654c63\" data-element_type=\"widget\" data-e-type=\"widget\" data-widget_type=\"heading.default\">\n\t\t\t\t<div class=\"elementor-widget-container\">\n\t\t\t\t\t<p class=\"elementor-heading-title elementor-size-default\">Dalia Izem<\/p>\t\t\t\t<\/div>\n\t\t\t\t<\/div>\n\t\t\t\t<\/div>\n\t\t<div class=\"elementor-element elementor-element-aebb194 e-con-full e-flex e-con e-child\" data-id=\"aebb194\" data-element_type=\"container\" data-e-type=\"container\" data-settings=\"{&quot;background_background&quot;:&quot;classic&quot;}\">\n\t\t\t\t<div class=\"elementor-element elementor-element-714748f elementor-widget elementor-widget-heading\" data-id=\"714748f\" data-element_type=\"widget\" data-e-type=\"widget\" data-widget_type=\"heading.default\">\n\t\t\t\t<div class=\"elementor-widget-container\">\n\t\t\t\t\t<p class=\"elementor-heading-title elementor-size-default\">Myl\u00e8ne Alran<\/p>\t\t\t\t<\/div>\n\t\t\t\t<\/div>\n\t\t\t\t<\/div>\n\t\t<div class=\"elementor-element elementor-element-15cfc30 e-con-full e-flex e-con e-child\" data-id=\"15cfc30\" data-element_type=\"container\" data-e-type=\"container\" data-settings=\"{&quot;background_background&quot;:&quot;classic&quot;}\">\n\t\t\t\t<\/div>\n\t\t<div class=\"elementor-element elementor-element-08fd41d e-con-full e-flex e-con e-child\" data-id=\"08fd41d\" data-element_type=\"container\" data-e-type=\"container\" data-settings=\"{&quot;background_background&quot;:&quot;classic&quot;}\">\n\t\t\t\t<div class=\"elementor-element elementor-element-7f8b5aa elementor-widget elementor-widget-heading\" data-id=\"7f8b5aa\" data-element_type=\"widget\" data-e-type=\"widget\" data-widget_type=\"heading.default\">\n\t\t\t\t<div class=\"elementor-widget-container\">\n\t\t\t\t\t<p class=\"elementor-heading-title elementor-size-default\">Ga\u00ebl Montero<\/p>\t\t\t\t<\/div>\n\t\t\t\t<\/div>\n\t\t\t\t<\/div>\n\t\t<div class=\"elementor-element elementor-element-dff5e5a e-con-full e-flex e-con e-child\" data-id=\"dff5e5a\" data-element_type=\"container\" data-e-type=\"container\" data-settings=\"{&quot;background_background&quot;:&quot;classic&quot;}\">\n\t\t\t\t<\/div>\n\t\t\t\t<\/div>\n\t\t<div class=\"elementor-element elementor-element-ad72eb7 e-flex e-con-boxed e-con e-parent\" data-id=\"ad72eb7\" data-element_type=\"container\" data-e-type=\"container\">\n\t\t\t\t\t<div class=\"e-con-inner\">\n\t\t\t\t<div class=\"elementor-element elementor-element-77de329 elementor--h-position-center elementor--v-position-middle elementor-widget elementor-widget-slides\" data-id=\"77de329\" data-element_type=\"widget\" data-e-type=\"widget\" data-settings=\"{&quot;navigation&quot;:&quot;none&quot;,&quot;transition&quot;:&quot;fade&quot;,&quot;autoplay&quot;:&quot;yes&quot;,&quot;pause_on_hover&quot;:&quot;yes&quot;,&quot;pause_on_interaction&quot;:&quot;yes&quot;,&quot;autoplay_speed&quot;:5000,&quot;infinite&quot;:&quot;yes&quot;,&quot;transition_speed&quot;:500}\" data-widget_type=\"slides.default\">\n\t\t\t\t<div class=\"elementor-widget-container\">\n\t\t\t\t\t\t\t\t\t<div class=\"elementor-swiper\">\n\t\t\t\t\t<div class=\"elementor-slides-wrapper elementor-main-swiper swiper\" role=\"region\" aria-roledescription=\"carousel\" aria-label=\"Slides\" dir=\"ltr\" data-animation=\"fadeInUp\">\n\t\t\t\t<div class=\"swiper-wrapper elementor-slides\">\n\t\t\t\t\t\t\t\t\t\t<div class=\"elementor-repeater-item-9481b48 swiper-slide\" role=\"group\" aria-roledescription=\"slide\"><div class=\"swiper-slide-bg\" role=\"img\" aria-label=\"Botella-danger-azul_0004_HOF-bottle-amberghost\"><\/div><div class=\"swiper-slide-inner\" ><div class=\"swiper-slide-contents\"><\/div><\/div><\/div><div class=\"elementor-repeater-item-19f25bd swiper-slide\" role=\"group\" aria-roledescription=\"slide\"><div class=\"swiper-slide-bg\" role=\"img\" aria-label=\"Botella-danger-azul_0002_HOF-bottle-danger-eau\"><\/div><div class=\"swiper-slide-inner\" ><div class=\"swiper-slide-contents\"><\/div><\/div><\/div><div class=\"elementor-repeater-item-7c559a0 swiper-slide\" role=\"group\" aria-roledescription=\"slide\"><div class=\"swiper-slide-bg\" role=\"img\" aria-label=\"Botella-danger-azul_0000_HOF-bottle-wondermusk\"><\/div><div class=\"swiper-slide-inner\" ><div class=\"swiper-slide-contents\"><\/div><\/div><\/div><div class=\"elementor-repeater-item-c58b9e7 swiper-slide\" role=\"group\" aria-roledescription=\"slide\"><div class=\"swiper-slide-bg\" role=\"img\" aria-label=\"Botella-danger-azul_0001_HOF-bottle-dontcallmerose\"><\/div><div class=\"swiper-slide-inner\" ><div class=\"swiper-slide-contents\"><\/div><\/div><\/div><div class=\"elementor-repeater-item-6d8e362 swiper-slide\" role=\"group\" aria-roledescription=\"slide\"><div class=\"swiper-slide-bg\" role=\"img\" aria-label=\"Botella-danger-azul_0003_HOF-bottle-billiondollaroud\"><\/div><div class=\"swiper-slide-inner\" ><div class=\"swiper-slide-contents\"><\/div><\/div><\/div>\t\t\t\t<\/div>\n\t\t\t\t\t\t\t\t\t\t\t\t\t\t\t\t\t\t\t\t\t<\/div>\n\t\t\t\t<\/div>\n\t\t\t\t\t\t\t\t<\/div>\n\t\t\t\t<\/div>\n\t\t\t\t<div class=\"elementor-element elementor-element-7b6cb47 elementor-widget__width-initial elementor-widget elementor-widget-heading\" data-id=\"7b6cb47\" data-element_type=\"widget\" data-e-type=\"widget\" data-widget_type=\"heading.default\">\n\t\t\t\t<div class=\"elementor-widget-container\">\n\t\t\t\t\t<h2 class=\"elementor-heading-title elementor-size-default\">Activa tu autenticidad. Rompe con la monoton\u00eda olfativa. Los perfumes de HOUSE OF FANATICS no est\u00e1n creados solo para agradar, sino para provocar.  <\/h2>\t\t\t\t<\/div>\n\t\t\t\t<\/div>\n\t\t\t\t<div class=\"elementor-element elementor-element-9358a98 elementor-align-center elementor-widget elementor-widget-button\" data-id=\"9358a98\" data-element_type=\"widget\" data-e-type=\"widget\" data-widget_type=\"button.default\">\n\t\t\t\t<div class=\"elementor-widget-container\">\n\t\t\t\t\t\t\t\t\t<div class=\"elementor-button-wrapper\">\n\t\t\t\t\t<a class=\"elementor-button elementor-button-link elementor-size-sm\" href=\"https:\/\/www.houseoffanatics.com\/es\/e-boutique\/\">\n\t\t\t\t\t\t<span class=\"elementor-button-content-wrapper\">\n\t\t\t\t\t\t\t\t\t<span class=\"elementor-button-text\">E-BOUTIQUE<\/span>\n\t\t\t\t\t<\/span>\n\t\t\t\t\t<\/a>\n\t\t\t\t<\/div>\n\t\t\t\t\t\t\t\t<\/div>\n\t\t\t\t<\/div>\n\t\t\t\t\t<\/div>\n\t\t\t\t<\/div>\n\t\t\t\t<\/div>\n\t\t","protected":false},"excerpt":{"rendered":"<p>The creators Una nueva escena donde los perfumistas m\u00e1s prestigiosos crean con inspiraci\u00f3n ilimitada Artesanos de lo excepcional MAGOS PERFUMISTAS, PROVOCADORES DE EMOCIONES Jordi Fern\u00e1ndez Dalia Izem Myl\u00e8ne Alran Ga\u00ebl Montero Activa tu autenticidad. Rompe con la monoton\u00eda olfativa. Los perfumes de HOUSE OF FANATICS no est\u00e1n creados solo para agradar, sino para provocar. E-BOUTIQUE<\/p>\n","protected":false},"author":1,"featured_media":0,"parent":0,"menu_order":0,"comment_status":"closed","ping_status":"closed","template":"","meta":{"_acf_changed":false,"footnotes":""},"class_list":["post-9981","page","type-page","status-publish","hentry"],"acf":[],"yoast_head":"<!-- This site is optimized with the Yoast SEO plugin v27.4 - https:\/\/yoast.com\/product\/yoast-seo-wordpress\/ -->\n<title>The creators - House of Fanatics<\/title>\n<meta name=\"robots\" content=\"index, follow, max-snippet:-1, max-image-preview:large, max-video-preview:-1\" \/>\n<link rel=\"canonical\" href=\"https:\/\/www.houseoffanatics.com\/es\/the-creators\/\" \/>\n<meta property=\"og:locale\" content=\"es_ES\" \/>\n<meta property=\"og:type\" content=\"article\" \/>\n<meta property=\"og:title\" content=\"The creators - House of Fanatics\" \/>\n<meta property=\"og:description\" content=\"The creators Una nueva escena donde los perfumistas m\u00e1s prestigiosos crean con inspiraci\u00f3n ilimitada Artesanos de lo excepcional MAGOS PERFUMISTAS, PROVOCADORES DE EMOCIONES Jordi Fern\u00e1ndez Dalia Izem Myl\u00e8ne Alran Ga\u00ebl Montero Activa tu autenticidad. Rompe con la monoton\u00eda olfativa. Los perfumes de HOUSE OF FANATICS no est\u00e1n creados solo para agradar, sino para provocar. E-BOUTIQUE\" \/>\n<meta property=\"og:url\" content=\"https:\/\/www.houseoffanatics.com\/es\/the-creators\/\" \/>\n<meta property=\"og:site_name\" content=\"House of Fanatics\" \/>\n<meta property=\"article:modified_time\" content=\"2025-02-10T14:12:46+00:00\" \/>\n<meta name=\"twitter:card\" content=\"summary_large_image\" \/>\n<meta name=\"twitter:label1\" content=\"Tiempo de lectura\" \/>\n\t<meta name=\"twitter:data1\" content=\"1 minuto\" \/>\n<script type=\"application\/ld+json\" class=\"yoast-schema-graph\">{\"@context\":\"https:\\\/\\\/schema.org\",\"@graph\":[{\"@type\":\"WebPage\",\"@id\":\"https:\\\/\\\/www.houseoffanatics.com\\\/es\\\/the-creators\\\/\",\"url\":\"https:\\\/\\\/www.houseoffanatics.com\\\/es\\\/the-creators\\\/\",\"name\":\"The creators - House of Fanatics\",\"isPartOf\":{\"@id\":\"https:\\\/\\\/www.houseoffanatics.com\\\/es\\\/#website\"},\"datePublished\":\"2024-10-14T10:33:47+00:00\",\"dateModified\":\"2025-02-10T14:12:46+00:00\",\"breadcrumb\":{\"@id\":\"https:\\\/\\\/www.houseoffanatics.com\\\/es\\\/the-creators\\\/#breadcrumb\"},\"inLanguage\":\"es\",\"potentialAction\":[{\"@type\":\"ReadAction\",\"target\":[\"https:\\\/\\\/www.houseoffanatics.com\\\/es\\\/the-creators\\\/\"]}]},{\"@type\":\"BreadcrumbList\",\"@id\":\"https:\\\/\\\/www.houseoffanatics.com\\\/es\\\/the-creators\\\/#breadcrumb\",\"itemListElement\":[{\"@type\":\"ListItem\",\"position\":1,\"name\":\"Home\",\"item\":\"https:\\\/\\\/www.houseoffanatics.com\\\/es\\\/\"},{\"@type\":\"ListItem\",\"position\":2,\"name\":\"The creators\"}]},{\"@type\":\"WebSite\",\"@id\":\"https:\\\/\\\/www.houseoffanatics.com\\\/es\\\/#website\",\"url\":\"https:\\\/\\\/www.houseoffanatics.com\\\/es\\\/\",\"name\":\"House of Fanatics\",\"description\":\"House of Fanatics\",\"publisher\":{\"@id\":\"https:\\\/\\\/www.houseoffanatics.com\\\/es\\\/#organization\"},\"potentialAction\":[{\"@type\":\"SearchAction\",\"target\":{\"@type\":\"EntryPoint\",\"urlTemplate\":\"https:\\\/\\\/www.houseoffanatics.com\\\/es\\\/?s={search_term_string}\"},\"query-input\":{\"@type\":\"PropertyValueSpecification\",\"valueRequired\":true,\"valueName\":\"search_term_string\"}}],\"inLanguage\":\"es\"},{\"@type\":\"Organization\",\"@id\":\"https:\\\/\\\/www.houseoffanatics.com\\\/es\\\/#organization\",\"name\":\"House of Fanatics\",\"url\":\"https:\\\/\\\/www.houseoffanatics.com\\\/es\\\/\",\"logo\":{\"@type\":\"ImageObject\",\"inLanguage\":\"es\",\"@id\":\"https:\\\/\\\/www.houseoffanatics.com\\\/es\\\/#\\\/schema\\\/logo\\\/image\\\/\",\"url\":\"https:\\\/\\\/www.houseoffanatics.com\\\/wp-content\\\/uploads\\\/logo-house-negro.png\",\"contentUrl\":\"https:\\\/\\\/www.houseoffanatics.com\\\/wp-content\\\/uploads\\\/logo-house-negro.png\",\"width\":875,\"height\":491,\"caption\":\"House of Fanatics\"},\"image\":{\"@id\":\"https:\\\/\\\/www.houseoffanatics.com\\\/es\\\/#\\\/schema\\\/logo\\\/image\\\/\"}}]}<\/script>\n<!-- \/ Yoast SEO plugin. -->","yoast_head_json":{"title":"The creators - House of Fanatics","robots":{"index":"index","follow":"follow","max-snippet":"max-snippet:-1","max-image-preview":"max-image-preview:large","max-video-preview":"max-video-preview:-1"},"canonical":"https:\/\/www.houseoffanatics.com\/es\/the-creators\/","og_locale":"es_ES","og_type":"article","og_title":"The creators - House of Fanatics","og_description":"The creators Una nueva escena donde los perfumistas m\u00e1s prestigiosos crean con inspiraci\u00f3n ilimitada Artesanos de lo excepcional MAGOS PERFUMISTAS, PROVOCADORES DE EMOCIONES Jordi Fern\u00e1ndez Dalia Izem Myl\u00e8ne Alran Ga\u00ebl Montero Activa tu autenticidad. Rompe con la monoton\u00eda olfativa. Los perfumes de HOUSE OF FANATICS no est\u00e1n creados solo para agradar, sino para provocar. E-BOUTIQUE","og_url":"https:\/\/www.houseoffanatics.com\/es\/the-creators\/","og_site_name":"House of Fanatics","article_modified_time":"2025-02-10T14:12:46+00:00","twitter_card":"summary_large_image","twitter_misc":{"Tiempo de lectura":"1 minuto"},"schema":{"@context":"https:\/\/schema.org","@graph":[{"@type":"WebPage","@id":"https:\/\/www.houseoffanatics.com\/es\/the-creators\/","url":"https:\/\/www.houseoffanatics.com\/es\/the-creators\/","name":"The creators - House of Fanatics","isPartOf":{"@id":"https:\/\/www.houseoffanatics.com\/es\/#website"},"datePublished":"2024-10-14T10:33:47+00:00","dateModified":"2025-02-10T14:12:46+00:00","breadcrumb":{"@id":"https:\/\/www.houseoffanatics.com\/es\/the-creators\/#breadcrumb"},"inLanguage":"es","potentialAction":[{"@type":"ReadAction","target":["https:\/\/www.houseoffanatics.com\/es\/the-creators\/"]}]},{"@type":"BreadcrumbList","@id":"https:\/\/www.houseoffanatics.com\/es\/the-creators\/#breadcrumb","itemListElement":[{"@type":"ListItem","position":1,"name":"Home","item":"https:\/\/www.houseoffanatics.com\/es\/"},{"@type":"ListItem","position":2,"name":"The creators"}]},{"@type":"WebSite","@id":"https:\/\/www.houseoffanatics.com\/es\/#website","url":"https:\/\/www.houseoffanatics.com\/es\/","name":"House of Fanatics","description":"House of Fanatics","publisher":{"@id":"https:\/\/www.houseoffanatics.com\/es\/#organization"},"potentialAction":[{"@type":"SearchAction","target":{"@type":"EntryPoint","urlTemplate":"https:\/\/www.houseoffanatics.com\/es\/?s={search_term_string}"},"query-input":{"@type":"PropertyValueSpecification","valueRequired":true,"valueName":"search_term_string"}}],"inLanguage":"es"},{"@type":"Organization","@id":"https:\/\/www.houseoffanatics.com\/es\/#organization","name":"House of Fanatics","url":"https:\/\/www.houseoffanatics.com\/es\/","logo":{"@type":"ImageObject","inLanguage":"es","@id":"https:\/\/www.houseoffanatics.com\/es\/#\/schema\/logo\/image\/","url":"https:\/\/www.houseoffanatics.com\/wp-content\/uploads\/logo-house-negro.png","contentUrl":"https:\/\/www.houseoffanatics.com\/wp-content\/uploads\/logo-house-negro.png","width":875,"height":491,"caption":"House of Fanatics"},"image":{"@id":"https:\/\/www.houseoffanatics.com\/es\/#\/schema\/logo\/image\/"}}]}},"_links":{"self":[{"href":"https:\/\/www.houseoffanatics.com\/es\/wp-json\/wp\/v2\/pages\/9981","targetHints":{"allow":["GET"]}}],"collection":[{"href":"https:\/\/www.houseoffanatics.com\/es\/wp-json\/wp\/v2\/pages"}],"about":[{"href":"https:\/\/www.houseoffanatics.com\/es\/wp-json\/wp\/v2\/types\/page"}],"author":[{"embeddable":true,"href":"https:\/\/www.houseoffanatics.com\/es\/wp-json\/wp\/v2\/users\/1"}],"replies":[{"embeddable":true,"href":"https:\/\/www.houseoffanatics.com\/es\/wp-json\/wp\/v2\/comments?post=9981"}],"version-history":[{"count":11,"href":"https:\/\/www.houseoffanatics.com\/es\/wp-json\/wp\/v2\/pages\/9981\/revisions"}],"predecessor-version":[{"id":28179,"href":"https:\/\/www.houseoffanatics.com\/es\/wp-json\/wp\/v2\/pages\/9981\/revisions\/28179"}],"wp:attachment":[{"href":"https:\/\/www.houseoffanatics.com\/es\/wp-json\/wp\/v2\/media?parent=9981"}],"curies":[{"name":"wp","href":"https:\/\/api.w.org\/{rel}","templated":true}]}}