{"id":10026,"date":"2024-10-24T12:54:30","date_gmt":"2024-10-24T10:54:30","guid":{"rendered":"https:\/\/www.houseoffanatics.com\/envios-y-devoluciones\/"},"modified":"2024-11-13T15:52:40","modified_gmt":"2024-11-13T14:52:40","slug":"envios-y-devoluciones","status":"publish","type":"page","link":"https:\/\/www.houseoffanatics.com\/es\/envios-y-devoluciones\/","title":{"rendered":"Env\u00edos y devoluciones"},"content":{"rendered":"\t\t<div data-elementor-type=\"wp-page\" data-elementor-id=\"10026\" class=\"elementor elementor-10026 elementor-286\" data-elementor-post-type=\"page\">\n\t\t\t\t<div class=\"elementor-element elementor-element-20b77a0c e-flex e-con-boxed e-con e-parent\" data-id=\"20b77a0c\" data-element_type=\"container\" data-e-type=\"container\">\n\t\t\t\t\t<div class=\"e-con-inner\">\n\t\t\t\t<div class=\"elementor-element elementor-element-2375388 elementor-widget elementor-widget-heading\" data-id=\"2375388\" data-element_type=\"widget\" data-e-type=\"widget\" data-widget_type=\"heading.default\">\n\t\t\t\t<div class=\"elementor-widget-container\">\n\t\t\t\t\t<h2 class=\"elementor-heading-title elementor-size-default\">Env\u00edos y devoluciones<\/h2>\t\t\t\t<\/div>\n\t\t\t\t<\/div>\n\t\t\t\t<div class=\"elementor-element elementor-element-18472fd7 elementor-widget elementor-widget-text-editor\" data-id=\"18472fd7\" data-element_type=\"widget\" data-e-type=\"widget\" data-widget_type=\"text-editor.default\">\n\t\t\t\t<div class=\"elementor-widget-container\">\n\t\t\t\t\t\t\t\t\t<h4>TRANSPORTE Y ENV\u00cdO DE PRODUCTOS<\/h4>\n<p>El transporte de los productos adquiridos a trav\u00e9s del Sitio Web est\u00e1 incluido en el precio salvo que se indique expresamente lo contrario antes de la finalizaci\u00f3n del proceso de compra. El servicio de transporte ofrecido por <strong>HOUSE OF FANATICS <\/strong>no incluye ning\u00fan servicio de montaje de los productos adquiridos a trav\u00e9s del Sitio Web. <\/p>\n<p>Los productos comprados en ESPA\u00d1A antes de las 15:00 horas se entregar\u00e1n a trav\u00e9s de un plazo de 48h en el servicio consistente en la entrega, excepto fines de semana y festivos en los que la entrega se realizar\u00e1 el segundo d\u00eda inmediatamente posterior al \u00faltimo festivo.<\/p>\n<p>Los env\u00edos a la UE se entregar\u00e1n en un plazo de 4 d\u00edas, excepto los fines de semana y festivos en los que la entrega se realizar\u00e1 el segundo d\u00eda inmediatamente despu\u00e9s del \u00faltimo d\u00eda festivo. En el caso de env\u00edos a Baleares y Canarias consultar <span style=\"color: #000000; text-decoration: underline;\"><span style=\"text-decoration: underline;\"><a href=\"mailto:info@houseoffanatics.com\">info@houseoffanatics.com<\/a><\/span><\/span> <\/p>\n<p>Env\u00edos fuera de la UE consultar previamente <a style=\"color: #000000; text-decoration: underline;\" href=\"mailto:info@houseoffanatics.com\"><span style=\"color: #000000;\"><span style=\"text-decoration: underline;\">info@houseoffanatics.com<\/span><\/span><\/a><\/p>\n<p>No obstante, el<strong> Usuario<\/strong> debe tener en cuenta que si bien <strong>HOUSE OF FANATICS<\/strong> pone sus mejores esfuerzos para que la entrega en servicio funcione correctamente en todo momento, en ocasiones y por causas ajenas a<strong> HOUSE OF FANATICS<\/strong>, el pedido podr\u00e1 sufrir un ligero retraso, no superando en ning\u00fan caso un plazo superior a siete d\u00edas h\u00e1biles.<\/p>\n<p>En cualquier caso, en caso de que <strong>HOUSE OF FANATICS<\/strong> incumpla el plazo de entrega especificado en un plazo superior a 7 d\u00edas h\u00e1biles, el <strong>Usuario<\/strong> podr\u00e1 optar por anular el pedido y<strong> HOUSE OF FANATICS<\/strong> proceder\u00e1 a la devoluci\u00f3n del importe de la compra en el mismo medio utilizado durante la compra, en el menor plazo posible. En ning\u00fan caso se considerar\u00e1 un incumplimiento de la presente cl\u00e1usula por parte de<strong> HOUSE OF FANATICS<\/strong> cuando el pedido se haya retrasado por voluntad del <strong>Usuario<\/strong> o del <strong>Usuario<\/strong> en la direcci\u00f3n especificada para la entrega del producto o a trav\u00e9s de los medios de contacto facilitados por el<strong> Usuario.<\/strong> <\/p>\n<h4>DEVOLUCIONES, CAMBIOS Y DESISTIMIENTO<\/h4>\n<p>Para la devoluci\u00f3n de productos <strong>HOUSE OF FANATICS,<\/strong> el <strong>Usuario<\/strong> debe tener en cuenta que en el derecho de desistimiento no se aplica a aquellos bienes precintados que no sean susceptibles de devoluci\u00f3n por razones de protecci\u00f3n de la salud o de la higiene, y que hayan sido desprecintados tras la entrega. As\u00ed, <strong>HOUSE OF FANATICS<\/strong> podr\u00e1 denegar la devoluci\u00f3n de un producto por el ejercicio de desistimiento de un <strong>Usuario<\/strong> si el producto es devuelto de forma evidentemente da\u00f1ada por causas que van m\u00e1s all\u00e1 de la mera comprobaci\u00f3n de las caracter\u00edsticas y el buen estado de un producto. <\/p>\n<p>Una vez que <strong>HOUSE OF FANATICS <\/strong>reciba el producto y compruebe que se encuentra en correctas condiciones conforme a lo expresado anteriormente, proceder\u00e1 a la devoluci\u00f3n de los importes pagados por el <strong>Usuario <\/strong>a la mayor brevedad posible y en el mismo medio de pago empleado por el <strong>Usuario <\/strong>en la compra, dentro de los catorce (14) d\u00edas naturales siguientes a la recepci\u00f3n del producto devuelto. \u201d<\/p>\n<p>La direcci\u00f3n de entrega de los productos a devolver es: DISNET S.A., Pl\u00e0 d&#8217;en Fonollar 15, 08205 SABADELL (Barcelona) ESPA\u00d1A<\/p>\n<p>En el caso de que el producto devuelto hubiera sido comprado acompa\u00f1ado de un <strong>regalo promociona<\/strong>l, deber\u00e1 ser devuelto junto con el producto principal. <strong>HOUSE OF FANATICS<\/strong> se reserva la facultad de ofrecer al cliente un precio determinado para que, en lugar de devolver el regalo entregado, el cliente pueda adquirirlo.<\/p>\n<h4>Nulidad e ineficacia de las cl\u00e1usulas<\/h4>\n<p>Si cualquier cl\u00e1usula incluida en las presentes Condiciones fuera declarada, total o parcialmente, nula o ineficaz, tal nulidad o ineficacia s\u00f3lo afectar\u00e1 a dicha disposici\u00f3n, subsistiendo las presentes Condiciones Generales en todo lo dem\u00e1s, teni\u00e9ndose por no incluida dicha disposici\u00f3n.<\/p>\n<h4>Calendario aplicable<\/h4>\n<p>En la tienda, todos los plazos y menciones de d\u00edas laborables o d\u00edas laborables se entender\u00e1n realizados con referencia al calendario laboral nacional de Espa\u00f1a.<\/p>\n<p> <\/p>\t\t\t\t\t\t\t\t<\/div>\n\t\t\t\t<\/div>\n\t\t\t\t\t<\/div>\n\t\t\t\t<\/div>\n\t\t\t\t<\/div>\n\t\t","protected":false},"excerpt":{"rendered":"<p>Env\u00edos y devoluciones TRANSPORTE Y ENV\u00cdO DE PRODUCTOS El transporte de los productos adquiridos a trav\u00e9s del Sitio Web est\u00e1 incluido en el precio salvo que se indique expresamente lo contrario antes de la finalizaci\u00f3n del proceso de compra. El servicio de transporte ofrecido por HOUSE OF FANATICS no incluye ning\u00fan servicio de montaje de [&hellip;]<\/p>\n","protected":false},"author":1,"featured_media":0,"parent":0,"menu_order":0,"comment_status":"closed","ping_status":"closed","template":"","meta":{"_acf_changed":false,"footnotes":""},"class_list":["post-10026","page","type-page","status-publish","hentry"],"acf":[],"yoast_head":"<!-- This site is optimized with the Yoast SEO plugin v27.4 - https:\/\/yoast.com\/product\/yoast-seo-wordpress\/ -->\n<title>Env\u00edos y devoluciones - House of Fanatics<\/title>\n<meta name=\"robots\" content=\"index, follow, max-snippet:-1, max-image-preview:large, max-video-preview:-1\" \/>\n<link rel=\"canonical\" href=\"https:\/\/www.houseoffanatics.com\/es\/envios-y-devoluciones\/\" \/>\n<meta property=\"og:locale\" content=\"es_ES\" \/>\n<meta property=\"og:type\" content=\"article\" \/>\n<meta property=\"og:title\" content=\"Env\u00edos y devoluciones - House of Fanatics\" \/>\n<meta property=\"og:description\" content=\"Env\u00edos y devoluciones TRANSPORTE Y ENV\u00cdO DE PRODUCTOS El transporte de los productos adquiridos a trav\u00e9s del Sitio Web est\u00e1 incluido en el precio salvo que se indique expresamente lo contrario antes de la finalizaci\u00f3n del proceso de compra. El servicio de transporte ofrecido por HOUSE OF FANATICS no incluye ning\u00fan servicio de montaje de [&hellip;]\" \/>\n<meta property=\"og:url\" content=\"https:\/\/www.houseoffanatics.com\/es\/envios-y-devoluciones\/\" \/>\n<meta property=\"og:site_name\" content=\"House of Fanatics\" \/>\n<meta property=\"article:modified_time\" content=\"2024-11-13T14:52:40+00:00\" \/>\n<meta name=\"twitter:card\" content=\"summary_large_image\" \/>\n<meta name=\"twitter:label1\" content=\"Tiempo de lectura\" \/>\n\t<meta name=\"twitter:data1\" content=\"3 minutos\" \/>\n<script type=\"application\/ld+json\" class=\"yoast-schema-graph\">{\"@context\":\"https:\\\/\\\/schema.org\",\"@graph\":[{\"@type\":\"WebPage\",\"@id\":\"https:\\\/\\\/www.houseoffanatics.com\\\/es\\\/envios-y-devoluciones\\\/\",\"url\":\"https:\\\/\\\/www.houseoffanatics.com\\\/es\\\/envios-y-devoluciones\\\/\",\"name\":\"Env\u00edos y devoluciones - House of Fanatics\",\"isPartOf\":{\"@id\":\"https:\\\/\\\/www.houseoffanatics.com\\\/es\\\/#website\"},\"datePublished\":\"2024-10-24T10:54:30+00:00\",\"dateModified\":\"2024-11-13T14:52:40+00:00\",\"breadcrumb\":{\"@id\":\"https:\\\/\\\/www.houseoffanatics.com\\\/es\\\/envios-y-devoluciones\\\/#breadcrumb\"},\"inLanguage\":\"es\",\"potentialAction\":[{\"@type\":\"ReadAction\",\"target\":[\"https:\\\/\\\/www.houseoffanatics.com\\\/es\\\/envios-y-devoluciones\\\/\"]}]},{\"@type\":\"BreadcrumbList\",\"@id\":\"https:\\\/\\\/www.houseoffanatics.com\\\/es\\\/envios-y-devoluciones\\\/#breadcrumb\",\"itemListElement\":[{\"@type\":\"ListItem\",\"position\":1,\"name\":\"Home\",\"item\":\"https:\\\/\\\/www.houseoffanatics.com\\\/es\\\/home-2026\\\/\"},{\"@type\":\"ListItem\",\"position\":2,\"name\":\"Env\u00edos y devoluciones\"}]},{\"@type\":\"WebSite\",\"@id\":\"https:\\\/\\\/www.houseoffanatics.com\\\/es\\\/#website\",\"url\":\"https:\\\/\\\/www.houseoffanatics.com\\\/es\\\/\",\"name\":\"House of Fanatics\",\"description\":\"House of Fanatics\",\"publisher\":{\"@id\":\"https:\\\/\\\/www.houseoffanatics.com\\\/es\\\/#organization\"},\"potentialAction\":[{\"@type\":\"SearchAction\",\"target\":{\"@type\":\"EntryPoint\",\"urlTemplate\":\"https:\\\/\\\/www.houseoffanatics.com\\\/es\\\/?s={search_term_string}\"},\"query-input\":{\"@type\":\"PropertyValueSpecification\",\"valueRequired\":true,\"valueName\":\"search_term_string\"}}],\"inLanguage\":\"es\"},{\"@type\":\"Organization\",\"@id\":\"https:\\\/\\\/www.houseoffanatics.com\\\/es\\\/#organization\",\"name\":\"House of Fanatics\",\"url\":\"https:\\\/\\\/www.houseoffanatics.com\\\/es\\\/\",\"logo\":{\"@type\":\"ImageObject\",\"inLanguage\":\"es\",\"@id\":\"https:\\\/\\\/www.houseoffanatics.com\\\/es\\\/#\\\/schema\\\/logo\\\/image\\\/\",\"url\":\"https:\\\/\\\/www.houseoffanatics.com\\\/wp-content\\\/uploads\\\/logo-house-negro.png\",\"contentUrl\":\"https:\\\/\\\/www.houseoffanatics.com\\\/wp-content\\\/uploads\\\/logo-house-negro.png\",\"width\":875,\"height\":491,\"caption\":\"House of Fanatics\"},\"image\":{\"@id\":\"https:\\\/\\\/www.houseoffanatics.com\\\/es\\\/#\\\/schema\\\/logo\\\/image\\\/\"}}]}<\/script>\n<!-- \/ Yoast SEO plugin. -->","yoast_head_json":{"title":"Env\u00edos y devoluciones - House of Fanatics","robots":{"index":"index","follow":"follow","max-snippet":"max-snippet:-1","max-image-preview":"max-image-preview:large","max-video-preview":"max-video-preview:-1"},"canonical":"https:\/\/www.houseoffanatics.com\/es\/envios-y-devoluciones\/","og_locale":"es_ES","og_type":"article","og_title":"Env\u00edos y devoluciones - House of Fanatics","og_description":"Env\u00edos y devoluciones TRANSPORTE Y ENV\u00cdO DE PRODUCTOS El transporte de los productos adquiridos a trav\u00e9s del Sitio Web est\u00e1 incluido en el precio salvo que se indique expresamente lo contrario antes de la finalizaci\u00f3n del proceso de compra. El servicio de transporte ofrecido por HOUSE OF FANATICS no incluye ning\u00fan servicio de montaje de [&hellip;]","og_url":"https:\/\/www.houseoffanatics.com\/es\/envios-y-devoluciones\/","og_site_name":"House of Fanatics","article_modified_time":"2024-11-13T14:52:40+00:00","twitter_card":"summary_large_image","twitter_misc":{"Tiempo de lectura":"3 minutos"},"schema":{"@context":"https:\/\/schema.org","@graph":[{"@type":"WebPage","@id":"https:\/\/www.houseoffanatics.com\/es\/envios-y-devoluciones\/","url":"https:\/\/www.houseoffanatics.com\/es\/envios-y-devoluciones\/","name":"Env\u00edos y devoluciones - House of Fanatics","isPartOf":{"@id":"https:\/\/www.houseoffanatics.com\/es\/#website"},"datePublished":"2024-10-24T10:54:30+00:00","dateModified":"2024-11-13T14:52:40+00:00","breadcrumb":{"@id":"https:\/\/www.houseoffanatics.com\/es\/envios-y-devoluciones\/#breadcrumb"},"inLanguage":"es","potentialAction":[{"@type":"ReadAction","target":["https:\/\/www.houseoffanatics.com\/es\/envios-y-devoluciones\/"]}]},{"@type":"BreadcrumbList","@id":"https:\/\/www.houseoffanatics.com\/es\/envios-y-devoluciones\/#breadcrumb","itemListElement":[{"@type":"ListItem","position":1,"name":"Home","item":"https:\/\/www.houseoffanatics.com\/es\/home-2026\/"},{"@type":"ListItem","position":2,"name":"Env\u00edos y devoluciones"}]},{"@type":"WebSite","@id":"https:\/\/www.houseoffanatics.com\/es\/#website","url":"https:\/\/www.houseoffanatics.com\/es\/","name":"House of Fanatics","description":"House of Fanatics","publisher":{"@id":"https:\/\/www.houseoffanatics.com\/es\/#organization"},"potentialAction":[{"@type":"SearchAction","target":{"@type":"EntryPoint","urlTemplate":"https:\/\/www.houseoffanatics.com\/es\/?s={search_term_string}"},"query-input":{"@type":"PropertyValueSpecification","valueRequired":true,"valueName":"search_term_string"}}],"inLanguage":"es"},{"@type":"Organization","@id":"https:\/\/www.houseoffanatics.com\/es\/#organization","name":"House of Fanatics","url":"https:\/\/www.houseoffanatics.com\/es\/","logo":{"@type":"ImageObject","inLanguage":"es","@id":"https:\/\/www.houseoffanatics.com\/es\/#\/schema\/logo\/image\/","url":"https:\/\/www.houseoffanatics.com\/wp-content\/uploads\/logo-house-negro.png","contentUrl":"https:\/\/www.houseoffanatics.com\/wp-content\/uploads\/logo-house-negro.png","width":875,"height":491,"caption":"House of Fanatics"},"image":{"@id":"https:\/\/www.houseoffanatics.com\/es\/#\/schema\/logo\/image\/"}}]}},"_links":{"self":[{"href":"https:\/\/www.houseoffanatics.com\/es\/wp-json\/wp\/v2\/pages\/10026","targetHints":{"allow":["GET"]}}],"collection":[{"href":"https:\/\/www.houseoffanatics.com\/es\/wp-json\/wp\/v2\/pages"}],"about":[{"href":"https:\/\/www.houseoffanatics.com\/es\/wp-json\/wp\/v2\/types\/page"}],"author":[{"embeddable":true,"href":"https:\/\/www.houseoffanatics.com\/es\/wp-json\/wp\/v2\/users\/1"}],"replies":[{"embeddable":true,"href":"https:\/\/www.houseoffanatics.com\/es\/wp-json\/wp\/v2\/comments?post=10026"}],"version-history":[{"count":1,"href":"https:\/\/www.houseoffanatics.com\/es\/wp-json\/wp\/v2\/pages\/10026\/revisions"}],"predecessor-version":[{"id":10027,"href":"https:\/\/www.houseoffanatics.com\/es\/wp-json\/wp\/v2\/pages\/10026\/revisions\/10027"}],"wp:attachment":[{"href":"https:\/\/www.houseoffanatics.com\/es\/wp-json\/wp\/v2\/media?parent=10026"}],"curies":[{"name":"wp","href":"https:\/\/api.w.org\/{rel}","templated":true}]}}