{"id":10024,"date":"2024-10-24T12:44:55","date_gmt":"2024-10-24T10:44:55","guid":{"rendered":"https:\/\/www.houseoffanatics.com\/condiciones-de-compra\/"},"modified":"2026-04-28T08:49:57","modified_gmt":"2026-04-28T06:49:57","slug":"condiciones-de-compra","status":"publish","type":"page","link":"https:\/\/www.houseoffanatics.com\/es\/condiciones-de-compra\/","title":{"rendered":"Condiciones de compra"},"content":{"rendered":"\t\t<div data-elementor-type=\"wp-page\" data-elementor-id=\"10024\" class=\"elementor elementor-10024 elementor-8940\" data-elementor-post-type=\"page\">\n\t\t\t\t<div class=\"elementor-element elementor-element-af3e526 e-flex e-con-boxed e-con e-parent\" data-id=\"af3e526\" data-element_type=\"container\" data-e-type=\"container\">\n\t\t\t\t\t<div class=\"e-con-inner\">\n\t\t\t\t<div class=\"elementor-element elementor-element-7e3a287 elementor-widget elementor-widget-heading\" data-id=\"7e3a287\" data-element_type=\"widget\" data-e-type=\"widget\" data-widget_type=\"heading.default\">\n\t\t\t\t<div class=\"elementor-widget-container\">\n\t\t\t\t\t<h2 class=\"elementor-heading-title elementor-size-default\">Condiciones de compra<\/h2>\t\t\t\t<\/div>\n\t\t\t\t<\/div>\n\t\t\t\t<div class=\"elementor-element elementor-element-9975e39 elementor-widget elementor-widget-text-editor\" data-id=\"9975e39\" data-element_type=\"widget\" data-e-type=\"widget\" data-widget_type=\"text-editor.default\">\n\t\t\t\t<div class=\"elementor-widget-container\">\n\t\t\t\t\t\t\t\t\t<p>En cumplimiento del deber de informaci\u00f3n recogido en el art\u00edculo 10 de la Ley 34\/2002, de 11 de julio, de Servicios de la Sociedad de la Informaci\u00f3n y de Comercio Electr\u00f3nico, le informamos que el Sitio Web <span style=\"color: #000000;\"><a href=\"http:\/\/houseoffanatics.com\"><u>houseoffanatics.com<\/u><\/a><\/span> es propiedad de<b> DREAMLABO S.L<\/b>. con domicilio social en <b>Via Augusta 158 2\u00aa planta. 08006 BARCELONA (ESPA\u00d1A) con B95612578 IVA <\/b><\/p>\n<p><b>T\u00e9rminos y Condiciones Generales de la Relaci\u00f3n Comercial<\/b><\/p>\n<p>La legislaci\u00f3n aplicable al funcionamiento de este servicio es la espa\u00f1ola. Las Condiciones Generales aqu\u00ed expuestas est\u00e1n sujetas a lo dispuesto en la Ley 7\/1996, de 15 de enero, de Ordenaci\u00f3n del Comercio Minorista; Ley 7\/1998, de 13 de abril, sobre Condiciones Generales de la Contrataci\u00f3n; el Real Decreto Legislativo 1\/2007, de 16 de noviembre, por el que se aprueba el texto refundido de la Ley General para la Defensa de los Consumidores y Usuarios; Ley 34\/2002, de 11 de julio, de Servicios de la Sociedad de la Informaci\u00f3n y de Comercio Electr\u00f3nico; y la Ley Org\u00e1nica 3\/2018 de protecci\u00f3n de datos y garant\u00eda de los derechos digitales LOPDGDD. <\/p>\n<p>La utilizaci\u00f3n de los servicios o la contrataci\u00f3n de productos en <u><a style=\"color: #000000;\" href=\"http:\/\/loisjeans.es\"><span style=\"color: #000000;\">loisjeans.es<\/span><\/a><\/u> implica la aceptaci\u00f3n expresa de las siguientes condiciones generales.<\/p>\n<p>El usuario declara que es mayor de edad (mayor de 18 a\u00f1os) y que dispone de la capacidad legal necesaria para celebrar un contrato. Asimismo, acepta, en su totalidad, las condiciones establecidas en lo que no contradiga la legislaci\u00f3n vigente, para utilizar este Sitio Web y para adquirir los productos. <\/p>\n<p>Si se declarara, total o parcialmente, cualquier cl\u00e1usula incluida en las presentes condiciones generales, tal nulidad afectar\u00e1 \u00fanicamente a dicha disposici\u00f3n o a la parte de la misma afectada, y se tendr\u00e1 por no aplicada. Este documento se puede imprimir en pdf. y almacenados por los clientes.  <\/p>\n<h4>PROCESO DE COMPRA<\/h4>\n<p>El&nbsp;<b>Usuario<\/b>&nbsp;podr\u00e1 acceder a la adquisici\u00f3n de los productos ofrecidos por&nbsp;<b>HOUSE OF FANATICS<\/b> a trav\u00e9s del Sitio Web introduciendo los datos solicitados en el formulario correspondiente del portal de compras del Sitio Web. Posteriormente, el<x id=\"gid_1\"><\/x>Usuario<x id=\"gid_2\"><\/x>deber\u00e1 seguir todos los pasos del procedimiento de compra marcados por el Sitio Web. <\/p>\n<p>Asimismo, la pasarela de compra del Sitio Web informar\u00e1 al&nbsp;<b>usuario<\/b>&nbsp;, Una vez finalizado el procedimiento de compra, v\u00eda correo electr\u00f3nico, de todas las caracter\u00edsticas relevantes del producto adquirido. Si el<x id=\"gid_2\"><\/x>Usuario<x id=\"gid_3\"><\/x>no reciba el correo electr\u00f3nico de confirmaci\u00f3n dentro de las veinticuatro horas posteriores a la finalizaci\u00f3n de la compra, ser\u00e1 responsabilidad del<x id=\"gid_4\"><\/x>Usuario<x id=\"gid_5\"><\/x>confirmarlo. &nbsp;&nbsp;<b>HOUSE OF FANATICS<\/b> Aprobaci\u00f3n de la transacci\u00f3n.<\/p>\n<p>Los precios de los productos ofertados en el Sitio Web incluyen el Impuesto sobre el Valor A\u00f1adido (IVA\/IVA) u otros impuestos que pudieran ser de aplicaci\u00f3n y en todo caso se expresar\u00e1n en la moneda Euro (\u20ac).<\/p>\n<p>Los pedidos realizados en el Sitio Web de HOUSE OF FANATICS se regir\u00e1n por los precios ofrecidos para cada producto en el momento de realizar el pedido. Los precios aplicables ser\u00e1n los publicados autom\u00e1ticamente durante el proceso de compra en la \u00faltima fase de la compra. Al<x id=\"gid_0\"><\/x>Usuario<x id=\"gid_1\"><\/x>siempre se le informar\u00e1 del precio final de la compra de un producto antes de la finalizaci\u00f3n de la pasarela de compra.  <\/p>\n<h4>FORMAS DE PAGO<\/h4>\n<p>El&nbsp;<b>Usuario<\/b>&nbsp;podr\u00e1 realizar el pago seleccionando uno de los m\u00e9todos de pago disponibles en el Sitio Web (pago con tarjeta y pago con PayPal). Algunos m\u00e9todos de pago pueden conllevar un recargo sobre el precio final, por lo que el<x id=\"gid_2\"><\/x>Usuario<x id=\"gid_3\"><\/x>Estar\u00e9 informado en cada ocasi\u00f3n con antelaci\u00f3n. <\/p>\n<ul>\n<li>En concreto, el &nbsp;Usuario&nbsp; debe tener en cuenta lo siguiente:<\/li>\n<li>Pago con tarjeta: el &nbsp;Usuario&nbsp;puede realizar el pago de su pedido mediante tarjeta de d\u00e9bito o cr\u00e9dito. El Sitio Web utiliza la pasarela de pago de un proveedor externo si bien est\u00e1 integrado en el &nbsp;Sitio web de<b> HOUSE OF FANATICS.<\/b><\/li>\n<li>El pago a trav\u00e9s de PayPal:&nbsp;El Usuario&nbsp;puede utilizar la plataforma PayPal como pasarela de pago por el importe del producto adquirido en el Sitio Web.&nbsp;HOUSE OF FANATICS &nbsp;no cobrar\u00e1 ning\u00fan recargo extra por el uso de este m\u00e9todo de pago.<\/li>\n<\/ul><div><br><\/div>\n<p>Todo pago realizado a&nbsp;<b>HOUSE OF FANATICS <\/b> &nbsp;conllevar\u00e1 la emisi\u00f3n de una factura a nombre del&nbsp;Usuario&nbsp;seg\u00fan los datos facilitados durante la pasarela de contrataci\u00f3n, que ser\u00e1 remitida por correo electr\u00f3nico a la direcci\u00f3n facilitada por el &nbsp;&gt;Usuario&nbsp;<\/p>\t\t\t\t\t\t\t\t<\/div>\n\t\t\t\t<\/div>\n\t\t\t\t\t<\/div>\n\t\t\t\t<\/div>\n\t\t\t\t<\/div>\n\t\t","protected":false},"excerpt":{"rendered":"<p>Condiciones de compra En cumplimiento del deber de informaci\u00f3n recogido en el art\u00edculo 10 de la Ley 34\/2002, de 11 de julio, de Servicios de la Sociedad de la Informaci\u00f3n y de Comercio Electr\u00f3nico, le informamos que el Sitio Web houseoffanatics.com es propiedad de DREAMLABO S.L. con domicilio social en Via Augusta 158 2\u00aa planta. [&hellip;]<\/p>\n","protected":false},"author":1,"featured_media":0,"parent":0,"menu_order":0,"comment_status":"closed","ping_status":"closed","template":"","meta":{"_acf_changed":false,"footnotes":""},"class_list":["post-10024","page","type-page","status-publish","hentry"],"acf":[],"yoast_head":"<!-- This site is optimized with the Yoast SEO plugin v27.4 - https:\/\/yoast.com\/product\/yoast-seo-wordpress\/ -->\n<title>Condiciones de compra - House of Fanatics<\/title>\n<meta name=\"robots\" content=\"index, follow, max-snippet:-1, max-image-preview:large, max-video-preview:-1\" \/>\n<link rel=\"canonical\" href=\"https:\/\/www.houseoffanatics.com\/es\/condiciones-de-compra\/\" \/>\n<meta property=\"og:locale\" content=\"es_ES\" \/>\n<meta property=\"og:type\" content=\"article\" \/>\n<meta property=\"og:title\" content=\"Condiciones de compra - House of Fanatics\" \/>\n<meta property=\"og:description\" content=\"Condiciones de compra En cumplimiento del deber de informaci\u00f3n recogido en el art\u00edculo 10 de la Ley 34\/2002, de 11 de julio, de Servicios de la Sociedad de la Informaci\u00f3n y de Comercio Electr\u00f3nico, le informamos que el Sitio Web houseoffanatics.com es propiedad de DREAMLABO S.L. con domicilio social en Via Augusta 158 2\u00aa planta. [&hellip;]\" \/>\n<meta property=\"og:url\" content=\"https:\/\/www.houseoffanatics.com\/es\/condiciones-de-compra\/\" \/>\n<meta property=\"og:site_name\" content=\"House of Fanatics\" \/>\n<meta property=\"article:modified_time\" content=\"2026-04-28T06:49:57+00:00\" \/>\n<meta name=\"twitter:card\" content=\"summary_large_image\" \/>\n<meta name=\"twitter:label1\" content=\"Tiempo de lectura\" \/>\n\t<meta name=\"twitter:data1\" content=\"4 minutos\" \/>\n<script type=\"application\/ld+json\" class=\"yoast-schema-graph\">{\"@context\":\"https:\\\/\\\/schema.org\",\"@graph\":[{\"@type\":\"WebPage\",\"@id\":\"https:\\\/\\\/www.houseoffanatics.com\\\/es\\\/condiciones-de-compra\\\/\",\"url\":\"https:\\\/\\\/www.houseoffanatics.com\\\/es\\\/condiciones-de-compra\\\/\",\"name\":\"Condiciones de compra - House of Fanatics\",\"isPartOf\":{\"@id\":\"https:\\\/\\\/www.houseoffanatics.com\\\/es\\\/#website\"},\"datePublished\":\"2024-10-24T10:44:55+00:00\",\"dateModified\":\"2026-04-28T06:49:57+00:00\",\"breadcrumb\":{\"@id\":\"https:\\\/\\\/www.houseoffanatics.com\\\/es\\\/condiciones-de-compra\\\/#breadcrumb\"},\"inLanguage\":\"es\",\"potentialAction\":[{\"@type\":\"ReadAction\",\"target\":[\"https:\\\/\\\/www.houseoffanatics.com\\\/es\\\/condiciones-de-compra\\\/\"]}]},{\"@type\":\"BreadcrumbList\",\"@id\":\"https:\\\/\\\/www.houseoffanatics.com\\\/es\\\/condiciones-de-compra\\\/#breadcrumb\",\"itemListElement\":[{\"@type\":\"ListItem\",\"position\":1,\"name\":\"Home\",\"item\":\"https:\\\/\\\/www.houseoffanatics.com\\\/es\\\/home-2026\\\/\"},{\"@type\":\"ListItem\",\"position\":2,\"name\":\"Condiciones de compra\"}]},{\"@type\":\"WebSite\",\"@id\":\"https:\\\/\\\/www.houseoffanatics.com\\\/es\\\/#website\",\"url\":\"https:\\\/\\\/www.houseoffanatics.com\\\/es\\\/\",\"name\":\"House of Fanatics\",\"description\":\"House of Fanatics\",\"publisher\":{\"@id\":\"https:\\\/\\\/www.houseoffanatics.com\\\/es\\\/#organization\"},\"potentialAction\":[{\"@type\":\"SearchAction\",\"target\":{\"@type\":\"EntryPoint\",\"urlTemplate\":\"https:\\\/\\\/www.houseoffanatics.com\\\/es\\\/?s={search_term_string}\"},\"query-input\":{\"@type\":\"PropertyValueSpecification\",\"valueRequired\":true,\"valueName\":\"search_term_string\"}}],\"inLanguage\":\"es\"},{\"@type\":\"Organization\",\"@id\":\"https:\\\/\\\/www.houseoffanatics.com\\\/es\\\/#organization\",\"name\":\"House of Fanatics\",\"url\":\"https:\\\/\\\/www.houseoffanatics.com\\\/es\\\/\",\"logo\":{\"@type\":\"ImageObject\",\"inLanguage\":\"es\",\"@id\":\"https:\\\/\\\/www.houseoffanatics.com\\\/es\\\/#\\\/schema\\\/logo\\\/image\\\/\",\"url\":\"https:\\\/\\\/www.houseoffanatics.com\\\/wp-content\\\/uploads\\\/logo-house-negro.png\",\"contentUrl\":\"https:\\\/\\\/www.houseoffanatics.com\\\/wp-content\\\/uploads\\\/logo-house-negro.png\",\"width\":875,\"height\":491,\"caption\":\"House of Fanatics\"},\"image\":{\"@id\":\"https:\\\/\\\/www.houseoffanatics.com\\\/es\\\/#\\\/schema\\\/logo\\\/image\\\/\"}}]}<\/script>\n<!-- \/ Yoast SEO plugin. -->","yoast_head_json":{"title":"Condiciones de compra - House of Fanatics","robots":{"index":"index","follow":"follow","max-snippet":"max-snippet:-1","max-image-preview":"max-image-preview:large","max-video-preview":"max-video-preview:-1"},"canonical":"https:\/\/www.houseoffanatics.com\/es\/condiciones-de-compra\/","og_locale":"es_ES","og_type":"article","og_title":"Condiciones de compra - House of Fanatics","og_description":"Condiciones de compra En cumplimiento del deber de informaci\u00f3n recogido en el art\u00edculo 10 de la Ley 34\/2002, de 11 de julio, de Servicios de la Sociedad de la Informaci\u00f3n y de Comercio Electr\u00f3nico, le informamos que el Sitio Web houseoffanatics.com es propiedad de DREAMLABO S.L. con domicilio social en Via Augusta 158 2\u00aa planta. [&hellip;]","og_url":"https:\/\/www.houseoffanatics.com\/es\/condiciones-de-compra\/","og_site_name":"House of Fanatics","article_modified_time":"2026-04-28T06:49:57+00:00","twitter_card":"summary_large_image","twitter_misc":{"Tiempo de lectura":"4 minutos"},"schema":{"@context":"https:\/\/schema.org","@graph":[{"@type":"WebPage","@id":"https:\/\/www.houseoffanatics.com\/es\/condiciones-de-compra\/","url":"https:\/\/www.houseoffanatics.com\/es\/condiciones-de-compra\/","name":"Condiciones de compra - House of Fanatics","isPartOf":{"@id":"https:\/\/www.houseoffanatics.com\/es\/#website"},"datePublished":"2024-10-24T10:44:55+00:00","dateModified":"2026-04-28T06:49:57+00:00","breadcrumb":{"@id":"https:\/\/www.houseoffanatics.com\/es\/condiciones-de-compra\/#breadcrumb"},"inLanguage":"es","potentialAction":[{"@type":"ReadAction","target":["https:\/\/www.houseoffanatics.com\/es\/condiciones-de-compra\/"]}]},{"@type":"BreadcrumbList","@id":"https:\/\/www.houseoffanatics.com\/es\/condiciones-de-compra\/#breadcrumb","itemListElement":[{"@type":"ListItem","position":1,"name":"Home","item":"https:\/\/www.houseoffanatics.com\/es\/home-2026\/"},{"@type":"ListItem","position":2,"name":"Condiciones de compra"}]},{"@type":"WebSite","@id":"https:\/\/www.houseoffanatics.com\/es\/#website","url":"https:\/\/www.houseoffanatics.com\/es\/","name":"House of Fanatics","description":"House of Fanatics","publisher":{"@id":"https:\/\/www.houseoffanatics.com\/es\/#organization"},"potentialAction":[{"@type":"SearchAction","target":{"@type":"EntryPoint","urlTemplate":"https:\/\/www.houseoffanatics.com\/es\/?s={search_term_string}"},"query-input":{"@type":"PropertyValueSpecification","valueRequired":true,"valueName":"search_term_string"}}],"inLanguage":"es"},{"@type":"Organization","@id":"https:\/\/www.houseoffanatics.com\/es\/#organization","name":"House of Fanatics","url":"https:\/\/www.houseoffanatics.com\/es\/","logo":{"@type":"ImageObject","inLanguage":"es","@id":"https:\/\/www.houseoffanatics.com\/es\/#\/schema\/logo\/image\/","url":"https:\/\/www.houseoffanatics.com\/wp-content\/uploads\/logo-house-negro.png","contentUrl":"https:\/\/www.houseoffanatics.com\/wp-content\/uploads\/logo-house-negro.png","width":875,"height":491,"caption":"House of Fanatics"},"image":{"@id":"https:\/\/www.houseoffanatics.com\/es\/#\/schema\/logo\/image\/"}}]}},"_links":{"self":[{"href":"https:\/\/www.houseoffanatics.com\/es\/wp-json\/wp\/v2\/pages\/10024","targetHints":{"allow":["GET"]}}],"collection":[{"href":"https:\/\/www.houseoffanatics.com\/es\/wp-json\/wp\/v2\/pages"}],"about":[{"href":"https:\/\/www.houseoffanatics.com\/es\/wp-json\/wp\/v2\/types\/page"}],"author":[{"embeddable":true,"href":"https:\/\/www.houseoffanatics.com\/es\/wp-json\/wp\/v2\/users\/1"}],"replies":[{"embeddable":true,"href":"https:\/\/www.houseoffanatics.com\/es\/wp-json\/wp\/v2\/comments?post=10024"}],"version-history":[{"count":7,"href":"https:\/\/www.houseoffanatics.com\/es\/wp-json\/wp\/v2\/pages\/10024\/revisions"}],"predecessor-version":[{"id":29020,"href":"https:\/\/www.houseoffanatics.com\/es\/wp-json\/wp\/v2\/pages\/10024\/revisions\/29020"}],"wp:attachment":[{"href":"https:\/\/www.houseoffanatics.com\/es\/wp-json\/wp\/v2\/media?parent=10024"}],"curies":[{"name":"wp","href":"https:\/\/api.w.org\/{rel}","templated":true}]}}