{"id":10020,"date":"2024-10-24T12:49:01","date_gmt":"2024-10-24T10:49:01","guid":{"rendered":"https:\/\/www.houseoffanatics.com\/politica-de-cookies\/"},"modified":"2024-11-14T15:00:29","modified_gmt":"2024-11-14T14:00:29","slug":"politica-de-cookies","status":"publish","type":"page","link":"https:\/\/www.houseoffanatics.com\/es\/politica-de-cookies\/","title":{"rendered":"Pol\u00edtica de Cookies"},"content":{"rendered":"\t\t<div data-elementor-type=\"wp-page\" data-elementor-id=\"10020\" class=\"elementor elementor-10020 elementor-8945\" data-elementor-post-type=\"page\">\n\t\t\t\t<div class=\"elementor-element elementor-element-5d27221 e-flex e-con-boxed e-con e-parent\" data-id=\"5d27221\" data-element_type=\"container\" data-e-type=\"container\">\n\t\t\t\t\t<div class=\"e-con-inner\">\n\t\t\t\t<div class=\"elementor-element elementor-element-3a67676 elementor-widget elementor-widget-heading\" data-id=\"3a67676\" data-element_type=\"widget\" data-e-type=\"widget\" data-widget_type=\"heading.default\">\n\t\t\t\t<div class=\"elementor-widget-container\">\n\t\t\t\t\t<h1 class=\"elementor-heading-title elementor-size-default\">Pol\u00edtica de Cookies<\/h1>\t\t\t\t<\/div>\n\t\t\t\t<\/div>\n\t\t\t\t<div class=\"elementor-element elementor-element-bcfe046 elementor-widget elementor-widget-text-editor\" data-id=\"bcfe046\" data-element_type=\"widget\" data-e-type=\"widget\" data-widget_type=\"text-editor.default\">\n\t\t\t\t<div class=\"elementor-widget-container\">\n\t\t\t\t\t\t\t\t\t<h4>Una cookie es un fichero que se descarga en tu ordenador al acceder a determinadas p\u00e1ginas web.<\/h4><p>Las cookies permiten a una p\u00e1gina web, entre otras cosas, almacenar y recuperar informaci\u00f3n sobre los h\u00e1bitos de navegaci\u00f3n de un usuario o de su equipo y, en funci\u00f3n de la informaci\u00f3n que contengan y de la forma en que utilice su equipo, pueden utilizarse para reconocerlo al usuario. <span style=\"color: var( --e-global-color-primary ); text-align: var(--text-align);\">Las cookies son esenciales para el funcionamiento de internet, proporcionando innumerables ventajas en la prestaci\u00f3n de servicios interactivos, facilitando la navegaci\u00f3n y usabilidad de nuestro sitio web<\/span>.<\/p><h4>Tipos de cookies<\/h4><p>Cookies propias \u2013 Cookies de terceros \u2013 Cookies de sesi\u00f3n \u2013 Cookies persistentes<\/p><p>La navegaci\u00f3n por este sitio web implica la aceptaci\u00f3n de la instalaci\u00f3n de los siguientes tipos de cookies:<\/p><h5>Cookies de an\u00e1lisis<\/h5><p>Se trata de cookies que, cuando son tratadas por Dreamlabo SL o por terceros, nos permiten contabilizar el n\u00famero de visitantes del sitio web y analizar estad\u00edsticamente la forma en que los usuarios utilizan nuestros servicios. Nos permiten estudiar c\u00f3mo se navega por nuestro sitio web y optimizarlo para satisfacer las necesidades reales de nuestros clientes.<\/p><h5>Cookies de personalizaci\u00f3n<\/h5><p>Se trata de cookies que, al ser tratadas por Dreamlabo SL o por terceros, guardan tus preferencias sobre determinadas herramientas o servicios para que no tengas que volver a configurarlas cada vez que visites el sitio web. Tambi\u00e9n son utilizados por programas que intentan determinar geogr\u00e1ficamente la ubicaci\u00f3n de la computadora, el tel\u00e9fono inteligente, la tableta o el televisor conectado a Internet.<\/p><h5>Cookies publicitarias<\/h5><p>Son cookies que, al ser tratadas por Dreamlabo SL o por terceros, permiten gestionar de forma eficiente los espacios publicitarios del sitio web, adaptando el contenido del anuncio al contenido del servicio solicitado o a la forma en que utiliza el sitio web. Nos ayudan a conocer sus h\u00e1bitos de navegaci\u00f3n por Internet y le muestran publicidad relacionada con su perfil de navegaci\u00f3n.<\/p><h5>Cookies de terceros<\/h5><p>En algunas de nuestras p\u00e1ginas se pueden instalar cookies de terceros que permiten una mejor gesti\u00f3n y mejora de los servicios que ofrecen. Un ejemplo de este uso son los enlaces a sitios de redes sociales que permiten compartir nuestro contenido.<\/p><p>A continuaci\u00f3n se muestran las Cookies, tags y otros dispositivos similares utilizados por este sitio web, junto con informaci\u00f3n de la finalidad, duraci\u00f3n y gesti\u00f3n (propia y por terceros de cada uno de ellos):<\/p><p>_gat Tipo: Persistente. Plazo: 1 minuto. Prop\u00f3sito: Se utiliza para limitar la tasa de solicitudes. Entidad gestora: Tercero (Google)<\/p><p>_ga Tipo: Persistente. Plazo: 2 a\u00f1os. Finalidad: Se utiliza para distinguir a los usuarios. Entidad gestora: Tercero (Google)<\/p><p>_gid Tipo: Persistente. Plazo: 24 horas. Finalidad: Se utiliza para distinguir a los usuarios. Entidad gestora: Tercero (Google)<\/p><p>cookies_notice Tipo: Persistente. Plazo: 1 mes. Finalidad: Guardar la respuesta sobre la aceptaci\u00f3n de cookies. Entidad Gestora: Cookies propias (Dreamlabo S.L.)<\/p><p>user_lang Tipo: Sesi\u00f3n. T\u00e9rmino: Sesi\u00f3n de usuario. Prop\u00f3sito: Determina las preferencias de idioma de navegaci\u00f3n del usuario. Entidad Gestora: Cookies propias ()<\/p><p>Esta tabla informativa se actualizar\u00e1 lo m\u00e1s r\u00e1pidamente posible a medida que cambien los servicios ofrecidos en este sitio web. Sin embargo, es posible que la tabla informativa no incluya una cookie, etiqueta u otro dispositivo similar como resultado de la actualizaci\u00f3n, aunque siempre ser\u00e1n dispositivos con fines id\u00e9nticos a los incluidos en esta tabla.<\/p><h4>Configuraci\u00f3n de sus preferencias de cookies<\/h4><p>Si desea cambiar la configuraci\u00f3n de las cookies en su navegador, puede hacerlo reconfigurando las opciones del navegador. Si decide desactivar todas las cookies, es posible que el uso de algunas funciones est\u00e9 restringido. Puede encontrar informaci\u00f3n sobre c\u00f3mo cambiar las pol\u00edticas de cookies de varios navegadores de la siguiente manera:<\/p><p>Si utiliza Microsoft Internet Explorer, vaya a la opci\u00f3n Ver, seleccione Opciones de Internet y, a continuaci\u00f3n, acceda a Opciones avanzadas. Si utiliza Netscape, vaya a la opci\u00f3n Editar en el men\u00fa, seleccione Preferencias y acceda a Avanzado. Si usas Firefox, para Mac ve a Preferencias en el men\u00fa de opciones, selecciona Privacidad y luego Mostrar Cookies, y para Windows ve a Herramientas en el men\u00fa, selecciona Opciones, luego ve a Privacidad y finalmente Mostrar Cookies. Si utilizas Safari, ve al men\u00fa de opciones de Safari, selecciona Privacidad, ve a la secci\u00f3n Seguridad y luego Mostrar cookies. Si utilizas Google Chrome, ve a la opci\u00f3n Herramientas del men\u00fa, selecciona Opciones (Preferencias en Mac), ve a Avanzado y luego a Configuraci\u00f3n de contenido en la secci\u00f3n Privacidad, y finalmente haz clic en Cookies en el cuadro Configuraci\u00f3n de contenido.<\/p><h4>Prop\u00f3sito<\/h4><p>Cookies t\u00e9cnicas \/ Cookies de personalizaci\u00f3n \/ Cookies de an\u00e1lisis \/ Cookies publicitarias \/ Cookies de publicidad comportamental<\/p><p>Asimismo, Dreamlabo S.L. informa al usuario que tiene la posibilidad de configurar su navegador de forma que est\u00e9 informado de la recepci\u00f3n de cookies, pudiendo, si as\u00ed lo desea, impedir que se instalen en su disco duro.<\/p>\t\t\t\t\t\t\t\t<\/div>\n\t\t\t\t<\/div>\n\t\t\t\t\t<\/div>\n\t\t\t\t<\/div>\n\t\t\t\t<\/div>\n\t\t","protected":false},"excerpt":{"rendered":"<p>Pol\u00edtica de Cookies Una cookie es un fichero que se descarga en tu ordenador al acceder a determinadas p\u00e1ginas web. Las cookies permiten a una p\u00e1gina web, entre otras cosas, almacenar y recuperar informaci\u00f3n sobre los h\u00e1bitos de navegaci\u00f3n de un usuario o de su equipo y, en funci\u00f3n de la informaci\u00f3n que contengan y [&hellip;]<\/p>\n","protected":false},"author":1,"featured_media":0,"parent":0,"menu_order":0,"comment_status":"closed","ping_status":"closed","template":"","meta":{"_acf_changed":false,"footnotes":""},"class_list":["post-10020","page","type-page","status-publish","hentry"],"acf":[],"yoast_head":"<!-- This site is optimized with the Yoast SEO plugin v27.4 - https:\/\/yoast.com\/product\/yoast-seo-wordpress\/ -->\n<title>Pol\u00edtica de Cookies - House of Fanatics<\/title>\n<meta name=\"robots\" content=\"index, follow, max-snippet:-1, max-image-preview:large, max-video-preview:-1\" \/>\n<link rel=\"canonical\" href=\"https:\/\/www.houseoffanatics.com\/es\/politica-de-cookies\/\" \/>\n<meta property=\"og:locale\" content=\"es_ES\" \/>\n<meta property=\"og:type\" content=\"article\" \/>\n<meta property=\"og:title\" content=\"Pol\u00edtica de Cookies - House of Fanatics\" \/>\n<meta property=\"og:description\" content=\"Pol\u00edtica de Cookies Una cookie es un fichero que se descarga en tu ordenador al acceder a determinadas p\u00e1ginas web. Las cookies permiten a una p\u00e1gina web, entre otras cosas, almacenar y recuperar informaci\u00f3n sobre los h\u00e1bitos de navegaci\u00f3n de un usuario o de su equipo y, en funci\u00f3n de la informaci\u00f3n que contengan y [&hellip;]\" \/>\n<meta property=\"og:url\" content=\"https:\/\/www.houseoffanatics.com\/es\/politica-de-cookies\/\" \/>\n<meta property=\"og:site_name\" content=\"House of Fanatics\" \/>\n<meta property=\"article:modified_time\" content=\"2024-11-14T14:00:29+00:00\" \/>\n<meta name=\"twitter:card\" content=\"summary_large_image\" \/>\n<meta name=\"twitter:label1\" content=\"Tiempo de lectura\" \/>\n\t<meta name=\"twitter:data1\" content=\"4 minutos\" \/>\n<script type=\"application\/ld+json\" class=\"yoast-schema-graph\">{\"@context\":\"https:\\\/\\\/schema.org\",\"@graph\":[{\"@type\":\"WebPage\",\"@id\":\"https:\\\/\\\/www.houseoffanatics.com\\\/es\\\/politica-de-cookies\\\/\",\"url\":\"https:\\\/\\\/www.houseoffanatics.com\\\/es\\\/politica-de-cookies\\\/\",\"name\":\"Pol\u00edtica de Cookies - House of Fanatics\",\"isPartOf\":{\"@id\":\"https:\\\/\\\/www.houseoffanatics.com\\\/es\\\/#website\"},\"datePublished\":\"2024-10-24T10:49:01+00:00\",\"dateModified\":\"2024-11-14T14:00:29+00:00\",\"breadcrumb\":{\"@id\":\"https:\\\/\\\/www.houseoffanatics.com\\\/es\\\/politica-de-cookies\\\/#breadcrumb\"},\"inLanguage\":\"es\",\"potentialAction\":[{\"@type\":\"ReadAction\",\"target\":[\"https:\\\/\\\/www.houseoffanatics.com\\\/es\\\/politica-de-cookies\\\/\"]}]},{\"@type\":\"BreadcrumbList\",\"@id\":\"https:\\\/\\\/www.houseoffanatics.com\\\/es\\\/politica-de-cookies\\\/#breadcrumb\",\"itemListElement\":[{\"@type\":\"ListItem\",\"position\":1,\"name\":\"Home\",\"item\":\"https:\\\/\\\/www.houseoffanatics.com\\\/es\\\/home-2026\\\/\"},{\"@type\":\"ListItem\",\"position\":2,\"name\":\"Pol\u00edtica de Cookies\"}]},{\"@type\":\"WebSite\",\"@id\":\"https:\\\/\\\/www.houseoffanatics.com\\\/es\\\/#website\",\"url\":\"https:\\\/\\\/www.houseoffanatics.com\\\/es\\\/\",\"name\":\"House of Fanatics\",\"description\":\"House of Fanatics\",\"publisher\":{\"@id\":\"https:\\\/\\\/www.houseoffanatics.com\\\/es\\\/#organization\"},\"potentialAction\":[{\"@type\":\"SearchAction\",\"target\":{\"@type\":\"EntryPoint\",\"urlTemplate\":\"https:\\\/\\\/www.houseoffanatics.com\\\/es\\\/?s={search_term_string}\"},\"query-input\":{\"@type\":\"PropertyValueSpecification\",\"valueRequired\":true,\"valueName\":\"search_term_string\"}}],\"inLanguage\":\"es\"},{\"@type\":\"Organization\",\"@id\":\"https:\\\/\\\/www.houseoffanatics.com\\\/es\\\/#organization\",\"name\":\"House of Fanatics\",\"url\":\"https:\\\/\\\/www.houseoffanatics.com\\\/es\\\/\",\"logo\":{\"@type\":\"ImageObject\",\"inLanguage\":\"es\",\"@id\":\"https:\\\/\\\/www.houseoffanatics.com\\\/es\\\/#\\\/schema\\\/logo\\\/image\\\/\",\"url\":\"https:\\\/\\\/www.houseoffanatics.com\\\/wp-content\\\/uploads\\\/logo-house-negro.png\",\"contentUrl\":\"https:\\\/\\\/www.houseoffanatics.com\\\/wp-content\\\/uploads\\\/logo-house-negro.png\",\"width\":875,\"height\":491,\"caption\":\"House of Fanatics\"},\"image\":{\"@id\":\"https:\\\/\\\/www.houseoffanatics.com\\\/es\\\/#\\\/schema\\\/logo\\\/image\\\/\"}}]}<\/script>\n<!-- \/ Yoast SEO plugin. -->","yoast_head_json":{"title":"Pol\u00edtica de Cookies - House of Fanatics","robots":{"index":"index","follow":"follow","max-snippet":"max-snippet:-1","max-image-preview":"max-image-preview:large","max-video-preview":"max-video-preview:-1"},"canonical":"https:\/\/www.houseoffanatics.com\/es\/politica-de-cookies\/","og_locale":"es_ES","og_type":"article","og_title":"Pol\u00edtica de Cookies - House of Fanatics","og_description":"Pol\u00edtica de Cookies Una cookie es un fichero que se descarga en tu ordenador al acceder a determinadas p\u00e1ginas web. Las cookies permiten a una p\u00e1gina web, entre otras cosas, almacenar y recuperar informaci\u00f3n sobre los h\u00e1bitos de navegaci\u00f3n de un usuario o de su equipo y, en funci\u00f3n de la informaci\u00f3n que contengan y [&hellip;]","og_url":"https:\/\/www.houseoffanatics.com\/es\/politica-de-cookies\/","og_site_name":"House of Fanatics","article_modified_time":"2024-11-14T14:00:29+00:00","twitter_card":"summary_large_image","twitter_misc":{"Tiempo de lectura":"4 minutos"},"schema":{"@context":"https:\/\/schema.org","@graph":[{"@type":"WebPage","@id":"https:\/\/www.houseoffanatics.com\/es\/politica-de-cookies\/","url":"https:\/\/www.houseoffanatics.com\/es\/politica-de-cookies\/","name":"Pol\u00edtica de Cookies - House of Fanatics","isPartOf":{"@id":"https:\/\/www.houseoffanatics.com\/es\/#website"},"datePublished":"2024-10-24T10:49:01+00:00","dateModified":"2024-11-14T14:00:29+00:00","breadcrumb":{"@id":"https:\/\/www.houseoffanatics.com\/es\/politica-de-cookies\/#breadcrumb"},"inLanguage":"es","potentialAction":[{"@type":"ReadAction","target":["https:\/\/www.houseoffanatics.com\/es\/politica-de-cookies\/"]}]},{"@type":"BreadcrumbList","@id":"https:\/\/www.houseoffanatics.com\/es\/politica-de-cookies\/#breadcrumb","itemListElement":[{"@type":"ListItem","position":1,"name":"Home","item":"https:\/\/www.houseoffanatics.com\/es\/home-2026\/"},{"@type":"ListItem","position":2,"name":"Pol\u00edtica de Cookies"}]},{"@type":"WebSite","@id":"https:\/\/www.houseoffanatics.com\/es\/#website","url":"https:\/\/www.houseoffanatics.com\/es\/","name":"House of Fanatics","description":"House of Fanatics","publisher":{"@id":"https:\/\/www.houseoffanatics.com\/es\/#organization"},"potentialAction":[{"@type":"SearchAction","target":{"@type":"EntryPoint","urlTemplate":"https:\/\/www.houseoffanatics.com\/es\/?s={search_term_string}"},"query-input":{"@type":"PropertyValueSpecification","valueRequired":true,"valueName":"search_term_string"}}],"inLanguage":"es"},{"@type":"Organization","@id":"https:\/\/www.houseoffanatics.com\/es\/#organization","name":"House of Fanatics","url":"https:\/\/www.houseoffanatics.com\/es\/","logo":{"@type":"ImageObject","inLanguage":"es","@id":"https:\/\/www.houseoffanatics.com\/es\/#\/schema\/logo\/image\/","url":"https:\/\/www.houseoffanatics.com\/wp-content\/uploads\/logo-house-negro.png","contentUrl":"https:\/\/www.houseoffanatics.com\/wp-content\/uploads\/logo-house-negro.png","width":875,"height":491,"caption":"House of Fanatics"},"image":{"@id":"https:\/\/www.houseoffanatics.com\/es\/#\/schema\/logo\/image\/"}}]}},"_links":{"self":[{"href":"https:\/\/www.houseoffanatics.com\/es\/wp-json\/wp\/v2\/pages\/10020","targetHints":{"allow":["GET"]}}],"collection":[{"href":"https:\/\/www.houseoffanatics.com\/es\/wp-json\/wp\/v2\/pages"}],"about":[{"href":"https:\/\/www.houseoffanatics.com\/es\/wp-json\/wp\/v2\/types\/page"}],"author":[{"embeddable":true,"href":"https:\/\/www.houseoffanatics.com\/es\/wp-json\/wp\/v2\/users\/1"}],"replies":[{"embeddable":true,"href":"https:\/\/www.houseoffanatics.com\/es\/wp-json\/wp\/v2\/comments?post=10020"}],"version-history":[{"count":7,"href":"https:\/\/www.houseoffanatics.com\/es\/wp-json\/wp\/v2\/pages\/10020\/revisions"}],"predecessor-version":[{"id":10059,"href":"https:\/\/www.houseoffanatics.com\/es\/wp-json\/wp\/v2\/pages\/10020\/revisions\/10059"}],"wp:attachment":[{"href":"https:\/\/www.houseoffanatics.com\/es\/wp-json\/wp\/v2\/media?parent=10020"}],"curies":[{"name":"wp","href":"https:\/\/api.w.org\/{rel}","templated":true}]}}